{"id":314,"date":"2021-03-15T11:19:51","date_gmt":"2021-03-15T11:19:51","guid":{"rendered":"https:\/\/catedraldelvi.com\/reserves\/index.php\/\/producto\/visites-lliures\/"},"modified":"2026-03-30T13:07:34","modified_gmt":"2026-03-30T12:07:34","slug":"audio-guide","status":"publish","type":"product","link":"https:\/\/catedraldelvi.com\/reserves\/fr\/reserva\/audio-guide\/","title":{"rendered":"Audio Guide"},"content":{"rendered":"","protected":false},"excerpt":{"rendered":"<p><strong>Information<\/strong><\/p>\n<p>Visite guid\u00e9e basique<\/p>\n<ul>\n<li>D\u00e9gustation de deux vins et d\u2019une huile<\/li>\n<li>Dur\u00e9e : 30 min<\/li>\n<\/ul>\n<p>&nbsp;<\/p>\n<p>&nbsp;<\/p>\n<p><strong>****Si vous avez choisi Deluxe, votre visite comprend :<\/strong><\/p>\n<ul>\n<li>D\u00e9gustation de quatre vins, une huile et un ap\u00e9ritif<\/li>\n<li>Dur\u00e9e : 45 min<\/li>\n<\/ul>\n","protected":false},"featured_media":81,"template":"","meta":[],"product_brand":[],"product_cat":[46],"product_tag":[],"class_list":{"0":"post-314","1":"product","2":"type-product","3":"status-publish","4":"has-post-thumbnail","6":"product_cat-visites-lliures-fr","8":"first","9":"instock","10":"virtual","11":"sold-individually","12":"purchasable","13":"product-type-booking"},"yoast_head":"<!-- This site is optimized with the Yoast SEO plugin v27.3 - https:\/\/yoast.com\/product\/yoast-seo-wordpress\/ -->\n<title>Audio Guide - Catedral del Vi - Pagos de H\u00edbera<\/title>\n<meta name=\"robots\" content=\"index, follow, max-snippet:-1, max-image-preview:large, max-video-preview:-1\" \/>\n<link rel=\"canonical\" href=\"https:\/\/catedraldelvi.com\/reserves\/fr\/reserva\/audio-guide\/\" \/>\n<meta property=\"og:locale\" content=\"fr_FR\" \/>\n<meta property=\"og:type\" content=\"article\" \/>\n<meta property=\"og:title\" content=\"Audio Guide - Catedral del Vi - Pagos de H\u00edbera\" \/>\n<meta property=\"og:description\" content=\"Information  Visite guid\u00e9e basique   D\u00e9gustation de deux vins et d\u2019une huile  Dur\u00e9e : 30 min  &nbsp;  &nbsp;  ****Si vous avez choisi Deluxe, votre visite comprend :   D\u00e9gustation de quatre vins, une huile et un ap\u00e9ritif  Dur\u00e9e : 45 min\" \/>\n<meta property=\"og:url\" content=\"https:\/\/catedraldelvi.com\/reserves\/fr\/reserva\/audio-guide\/\" \/>\n<meta property=\"og:site_name\" content=\"Catedral del Vi - Pagos de H\u00edbera\" \/>\n<meta property=\"article:modified_time\" content=\"2026-03-30T12:07:34+00:00\" \/>\n<meta name=\"twitter:card\" content=\"summary_large_image\" \/>\n<meta name=\"twitter:label1\" content=\"Dur\u00e9e de lecture estim\u00e9e\" \/>\n\t<meta name=\"twitter:data1\" content=\"1 minute\" \/>\n<script type=\"application\/ld+json\" class=\"yoast-schema-graph\">{\"@context\":\"https:\\\/\\\/schema.org\",\"@graph\":[{\"@type\":\"WebPage\",\"@id\":\"https:\\\/\\\/catedraldelvi.com\\\/reserves\\\/fr\\\/reserva\\\/audio-guide\\\/\",\"url\":\"https:\\\/\\\/catedraldelvi.com\\\/reserves\\\/fr\\\/reserva\\\/audio-guide\\\/\",\"name\":\"Audio Guide - Catedral del Vi - Pagos de H\u00edbera\",\"isPartOf\":{\"@id\":\"https:\\\/\\\/catedraldelvi.com\\\/reserves\\\/fr\\\/#website\"},\"primaryImageOfPage\":{\"@id\":\"https:\\\/\\\/catedraldelvi.com\\\/reserves\\\/fr\\\/reserva\\\/audio-guide\\\/#primaryimage\"},\"image\":{\"@id\":\"https:\\\/\\\/catedraldelvi.com\\\/reserves\\\/fr\\\/reserva\\\/audio-guide\\\/#primaryimage\"},\"thumbnailUrl\":\"https:\\\/\\\/catedraldelvi.com\\\/reserves\\\/wp-content\\\/uploads\\\/2021\\\/03\\\/catedral-del-vi-visita-lliure.svg\",\"datePublished\":\"2021-03-15T11:19:51+00:00\",\"dateModified\":\"2026-03-30T12:07:34+00:00\",\"breadcrumb\":{\"@id\":\"https:\\\/\\\/catedraldelvi.com\\\/reserves\\\/fr\\\/reserva\\\/audio-guide\\\/#breadcrumb\"},\"inLanguage\":\"fr-FR\",\"potentialAction\":[{\"@type\":\"ReadAction\",\"target\":[\"https:\\\/\\\/catedraldelvi.com\\\/reserves\\\/fr\\\/reserva\\\/audio-guide\\\/\"]}]},{\"@type\":\"ImageObject\",\"inLanguage\":\"fr-FR\",\"@id\":\"https:\\\/\\\/catedraldelvi.com\\\/reserves\\\/fr\\\/reserva\\\/audio-guide\\\/#primaryimage\",\"url\":\"https:\\\/\\\/catedraldelvi.com\\\/reserves\\\/wp-content\\\/uploads\\\/2021\\\/03\\\/catedral-del-vi-visita-lliure.svg\",\"contentUrl\":\"https:\\\/\\\/catedraldelvi.com\\\/reserves\\\/wp-content\\\/uploads\\\/2021\\\/03\\\/catedral-del-vi-visita-lliure.svg\",\"width\":196,\"height\":197},{\"@type\":\"BreadcrumbList\",\"@id\":\"https:\\\/\\\/catedraldelvi.com\\\/reserves\\\/fr\\\/reserva\\\/audio-guide\\\/#breadcrumb\",\"itemListElement\":[{\"@type\":\"ListItem\",\"position\":1,\"name\":\"Portada\",\"item\":\"https:\\\/\\\/catedraldelvi.com\\\/reserves\\\/fr\\\/\"},{\"@type\":\"ListItem\",\"position\":2,\"name\":\"Boutique\",\"item\":\"https:\\\/\\\/catedraldelvi.com\\\/reserves\\\/botiga\\\/\"},{\"@type\":\"ListItem\",\"position\":3,\"name\":\"Audio Guide\"}]},{\"@type\":\"WebSite\",\"@id\":\"https:\\\/\\\/catedraldelvi.com\\\/reserves\\\/fr\\\/#website\",\"url\":\"https:\\\/\\\/catedraldelvi.com\\\/reserves\\\/fr\\\/\",\"name\":\"Catedral del Vi - Pagos de H\u00edbera\",\"description\":\"Catedral del Vi - Pagos de H\u00edbera is the modernist winery of Villa Retiro Grup\",\"publisher\":{\"@id\":\"https:\\\/\\\/catedraldelvi.com\\\/reserves\\\/fr\\\/#organization\"},\"potentialAction\":[{\"@type\":\"SearchAction\",\"target\":{\"@type\":\"EntryPoint\",\"urlTemplate\":\"https:\\\/\\\/catedraldelvi.com\\\/reserves\\\/fr\\\/?s={search_term_string}\"},\"query-input\":{\"@type\":\"PropertyValueSpecification\",\"valueRequired\":true,\"valueName\":\"search_term_string\"}}],\"inLanguage\":\"fr-FR\"},{\"@type\":\"Organization\",\"@id\":\"https:\\\/\\\/catedraldelvi.com\\\/reserves\\\/fr\\\/#organization\",\"name\":\"Catedral del Vi - Pagos de H\u00edbera\",\"url\":\"https:\\\/\\\/catedraldelvi.com\\\/reserves\\\/fr\\\/\",\"logo\":{\"@type\":\"ImageObject\",\"inLanguage\":\"fr-FR\",\"@id\":\"https:\\\/\\\/catedraldelvi.com\\\/reserves\\\/fr\\\/#\\\/schema\\\/logo\\\/image\\\/\",\"url\":\"https:\\\/\\\/catedraldelvi.com\\\/reserves\\\/wp-content\\\/uploads\\\/2025\\\/11\\\/pagos-de-hibera-catedral-del-vi-logo-2.svg\",\"contentUrl\":\"https:\\\/\\\/catedraldelvi.com\\\/reserves\\\/wp-content\\\/uploads\\\/2025\\\/11\\\/pagos-de-hibera-catedral-del-vi-logo-2.svg\",\"caption\":\"Catedral del Vi - Pagos de H\u00edbera\"},\"image\":{\"@id\":\"https:\\\/\\\/catedraldelvi.com\\\/reserves\\\/fr\\\/#\\\/schema\\\/logo\\\/image\\\/\"}}]}<\/script>\n<!-- \/ Yoast SEO plugin. -->","yoast_head_json":{"title":"Audio Guide - Catedral del Vi - Pagos de H\u00edbera","robots":{"index":"index","follow":"follow","max-snippet":"max-snippet:-1","max-image-preview":"max-image-preview:large","max-video-preview":"max-video-preview:-1"},"canonical":"https:\/\/catedraldelvi.com\/reserves\/fr\/reserva\/audio-guide\/","og_locale":"fr_FR","og_type":"article","og_title":"Audio Guide - Catedral del Vi - Pagos de H\u00edbera","og_description":"Information  Visite guid\u00e9e basique   D\u00e9gustation de deux vins et d\u2019une huile  Dur\u00e9e : 30 min  &nbsp;  &nbsp;  ****Si vous avez choisi Deluxe, votre visite comprend :   D\u00e9gustation de quatre vins, une huile et un ap\u00e9ritif  Dur\u00e9e : 45 min","og_url":"https:\/\/catedraldelvi.com\/reserves\/fr\/reserva\/audio-guide\/","og_site_name":"Catedral del Vi - Pagos de H\u00edbera","article_modified_time":"2026-03-30T12:07:34+00:00","twitter_card":"summary_large_image","twitter_misc":{"Dur\u00e9e de lecture estim\u00e9e":"1 minute"},"schema":{"@context":"https:\/\/schema.org","@graph":[{"@type":"WebPage","@id":"https:\/\/catedraldelvi.com\/reserves\/fr\/reserva\/audio-guide\/","url":"https:\/\/catedraldelvi.com\/reserves\/fr\/reserva\/audio-guide\/","name":"Audio Guide - Catedral del Vi - Pagos de H\u00edbera","isPartOf":{"@id":"https:\/\/catedraldelvi.com\/reserves\/fr\/#website"},"primaryImageOfPage":{"@id":"https:\/\/catedraldelvi.com\/reserves\/fr\/reserva\/audio-guide\/#primaryimage"},"image":{"@id":"https:\/\/catedraldelvi.com\/reserves\/fr\/reserva\/audio-guide\/#primaryimage"},"thumbnailUrl":"https:\/\/catedraldelvi.com\/reserves\/wp-content\/uploads\/2021\/03\/catedral-del-vi-visita-lliure.svg","datePublished":"2021-03-15T11:19:51+00:00","dateModified":"2026-03-30T12:07:34+00:00","breadcrumb":{"@id":"https:\/\/catedraldelvi.com\/reserves\/fr\/reserva\/audio-guide\/#breadcrumb"},"inLanguage":"fr-FR","potentialAction":[{"@type":"ReadAction","target":["https:\/\/catedraldelvi.com\/reserves\/fr\/reserva\/audio-guide\/"]}]},{"@type":"ImageObject","inLanguage":"fr-FR","@id":"https:\/\/catedraldelvi.com\/reserves\/fr\/reserva\/audio-guide\/#primaryimage","url":"https:\/\/catedraldelvi.com\/reserves\/wp-content\/uploads\/2021\/03\/catedral-del-vi-visita-lliure.svg","contentUrl":"https:\/\/catedraldelvi.com\/reserves\/wp-content\/uploads\/2021\/03\/catedral-del-vi-visita-lliure.svg","width":196,"height":197},{"@type":"BreadcrumbList","@id":"https:\/\/catedraldelvi.com\/reserves\/fr\/reserva\/audio-guide\/#breadcrumb","itemListElement":[{"@type":"ListItem","position":1,"name":"Portada","item":"https:\/\/catedraldelvi.com\/reserves\/fr\/"},{"@type":"ListItem","position":2,"name":"Boutique","item":"https:\/\/catedraldelvi.com\/reserves\/botiga\/"},{"@type":"ListItem","position":3,"name":"Audio Guide"}]},{"@type":"WebSite","@id":"https:\/\/catedraldelvi.com\/reserves\/fr\/#website","url":"https:\/\/catedraldelvi.com\/reserves\/fr\/","name":"Catedral del Vi - Pagos de H\u00edbera","description":"Catedral del Vi - Pagos de H\u00edbera is the modernist winery of Villa Retiro Grup","publisher":{"@id":"https:\/\/catedraldelvi.com\/reserves\/fr\/#organization"},"potentialAction":[{"@type":"SearchAction","target":{"@type":"EntryPoint","urlTemplate":"https:\/\/catedraldelvi.com\/reserves\/fr\/?s={search_term_string}"},"query-input":{"@type":"PropertyValueSpecification","valueRequired":true,"valueName":"search_term_string"}}],"inLanguage":"fr-FR"},{"@type":"Organization","@id":"https:\/\/catedraldelvi.com\/reserves\/fr\/#organization","name":"Catedral del Vi - Pagos de H\u00edbera","url":"https:\/\/catedraldelvi.com\/reserves\/fr\/","logo":{"@type":"ImageObject","inLanguage":"fr-FR","@id":"https:\/\/catedraldelvi.com\/reserves\/fr\/#\/schema\/logo\/image\/","url":"https:\/\/catedraldelvi.com\/reserves\/wp-content\/uploads\/2025\/11\/pagos-de-hibera-catedral-del-vi-logo-2.svg","contentUrl":"https:\/\/catedraldelvi.com\/reserves\/wp-content\/uploads\/2025\/11\/pagos-de-hibera-catedral-del-vi-logo-2.svg","caption":"Catedral del Vi - Pagos de H\u00edbera"},"image":{"@id":"https:\/\/catedraldelvi.com\/reserves\/fr\/#\/schema\/logo\/image\/"}}]}},"_links":{"self":[{"href":"https:\/\/catedraldelvi.com\/reserves\/fr\/wp-json\/wp\/v2\/product\/314","targetHints":{"allow":["GET"]}}],"collection":[{"href":"https:\/\/catedraldelvi.com\/reserves\/fr\/wp-json\/wp\/v2\/product"}],"about":[{"href":"https:\/\/catedraldelvi.com\/reserves\/fr\/wp-json\/wp\/v2\/types\/product"}],"version-history":[{"count":3,"href":"https:\/\/catedraldelvi.com\/reserves\/fr\/wp-json\/wp\/v2\/product\/314\/revisions"}],"predecessor-version":[{"id":16394,"href":"https:\/\/catedraldelvi.com\/reserves\/fr\/wp-json\/wp\/v2\/product\/314\/revisions\/16394"}],"wp:featuredmedia":[{"embeddable":true,"href":"https:\/\/catedraldelvi.com\/reserves\/fr\/wp-json\/wp\/v2\/media\/81"}],"wp:attachment":[{"href":"https:\/\/catedraldelvi.com\/reserves\/fr\/wp-json\/wp\/v2\/media?parent=314"}],"wp:term":[{"taxonomy":"product_brand","embeddable":true,"href":"https:\/\/catedraldelvi.com\/reserves\/fr\/wp-json\/wp\/v2\/product_brand?post=314"},{"taxonomy":"product_cat","embeddable":true,"href":"https:\/\/catedraldelvi.com\/reserves\/fr\/wp-json\/wp\/v2\/product_cat?post=314"},{"taxonomy":"product_tag","embeddable":true,"href":"https:\/\/catedraldelvi.com\/reserves\/fr\/wp-json\/wp\/v2\/product_tag?post=314"}],"curies":[{"name":"wp","href":"https:\/\/api.w.org\/{rel}","templated":true}]}}