{"id":318,"date":"2021-03-15T12:12:04","date_gmt":"2021-03-15T12:12:04","guid":{"rendered":"https:\/\/catedraldelvi.com\/reserves\/index.php\/\/producto\/visita-guiada-degustacio\/"},"modified":"2026-03-30T13:13:03","modified_gmt":"2026-03-30T12:13:03","slug":"visita-guiada-degustacion","status":"publish","type":"product","link":"https:\/\/catedraldelvi.com\/reserves\/es\/reserva\/visita-guiada-degustacion\/","title":{"rendered":"Visita guiada + Degustaci\u00f3n"},"content":{"rendered":"<p><strong>Visita guiada general incluye: cata de dos vinos y un aceite.<\/strong><br \/>\nAdultos: 17 \u20ac<br \/>\nMenores: 7,50 \u20ac<br \/>\nDuraci\u00f3n: 1 h 30 min<\/p>\n<p><strong>Visita guiada Deluxe incluye:<\/strong> <strong>cata de cuatro vinos, un aceite y un aperitivo.<\/strong><br \/>\nAdultos: 22 \u20ac<br \/>\nMenores: 7,50 \u20ac<br \/>\nDuraci\u00f3n: 1 h 45 min<\/p>\n","protected":false},"excerpt":{"rendered":"<p><strong>Informaci\u00f3n<\/strong><\/p>\n<p>Visita guiada b\u00e1sica<\/p>\n<ul>\n<li>Cata de dos vinos y un aceite<\/li>\n<li>Duraci\u00f3n: 1h 30min<\/li>\n<\/ul>\n<p>&nbsp;<\/p>\n<p><\/br><\/br><\/br><\/br><\/br><\/p>\n<p><strong>Si has elegido Deluxe, tu visita incluye:<\/strong><\/p>\n<ul>\n<li>Cata de cuatro vinos, un aceite y un aperitivo<\/li>\n<li>Duraci\u00f3n: 1h 45min<\/li>\n<\/ul>\n","protected":false},"featured_media":418,"template":"","meta":[],"product_brand":[],"product_cat":[78],"product_tag":[],"class_list":{"0":"post-318","1":"product","2":"type-product","3":"status-publish","4":"has-post-thumbnail","6":"product_cat-visita-guiada","7":"yith_booking_service-1200-catalan","8":"yith_booking_service-1330-catalan","9":"yith_booking_service-1700-espanol","10":"yith_booking_service-cata-de-aceites-virgen-extra-monovarietales","12":"first","13":"instock","14":"virtual","15":"sold-individually","16":"purchasable","17":"product-type-booking"},"yoast_head":"<!-- This site is optimized with the Yoast SEO plugin v27.3 - https:\/\/yoast.com\/product\/yoast-seo-wordpress\/ -->\n<title>Visita guiada + Degustaci\u00f3n - Catedral del Vi - Pagos de H\u00edbera<\/title>\n<meta name=\"robots\" content=\"index, follow, max-snippet:-1, max-image-preview:large, max-video-preview:-1\" \/>\n<link rel=\"canonical\" href=\"https:\/\/catedraldelvi.com\/reserves\/es\/reserva\/visita-guiada-degustacion\/\" \/>\n<meta property=\"og:locale\" content=\"es_ES\" \/>\n<meta property=\"og:type\" content=\"article\" \/>\n<meta property=\"og:title\" content=\"Visita guiada + Degustaci\u00f3n - Catedral del Vi - Pagos de H\u00edbera\" \/>\n<meta property=\"og:description\" content=\"Informaci\u00f3n  Visita guiada b\u00e1sica   Cata de dos vinos y un aceite  Duraci\u00f3n: 1h 30min  &nbsp;    Si has elegido Deluxe, tu visita incluye:   Cata de cuatro vinos, un aceite y un aperitivo  Duraci\u00f3n: 1h 45min\" \/>\n<meta property=\"og:url\" content=\"https:\/\/catedraldelvi.com\/reserves\/es\/reserva\/visita-guiada-degustacion\/\" \/>\n<meta property=\"og:site_name\" content=\"Catedral del Vi - Pagos de H\u00edbera\" \/>\n<meta property=\"article:modified_time\" content=\"2026-03-30T12:13:03+00:00\" \/>\n<meta name=\"twitter:card\" content=\"summary_large_image\" \/>\n<meta name=\"twitter:label1\" content=\"Tiempo de lectura\" \/>\n\t<meta name=\"twitter:data1\" content=\"1 minuto\" \/>\n<script type=\"application\/ld+json\" class=\"yoast-schema-graph\">{\"@context\":\"https:\\\/\\\/schema.org\",\"@graph\":[{\"@type\":\"WebPage\",\"@id\":\"https:\\\/\\\/catedraldelvi.com\\\/reserves\\\/es\\\/reserva\\\/visita-guiada-degustacion\\\/\",\"url\":\"https:\\\/\\\/catedraldelvi.com\\\/reserves\\\/es\\\/reserva\\\/visita-guiada-degustacion\\\/\",\"name\":\"Visita guiada + Degustaci\u00f3n - Catedral del Vi - Pagos de H\u00edbera\",\"isPartOf\":{\"@id\":\"https:\\\/\\\/catedraldelvi.com\\\/reserves\\\/es\\\/#website\"},\"primaryImageOfPage\":{\"@id\":\"https:\\\/\\\/catedraldelvi.com\\\/reserves\\\/es\\\/reserva\\\/visita-guiada-degustacion\\\/#primaryimage\"},\"image\":{\"@id\":\"https:\\\/\\\/catedraldelvi.com\\\/reserves\\\/es\\\/reserva\\\/visita-guiada-degustacion\\\/#primaryimage\"},\"thumbnailUrl\":\"https:\\\/\\\/catedraldelvi.com\\\/reserves\\\/wp-content\\\/uploads\\\/2021\\\/03\\\/catedral-del-vi-visita-guiada.svg\",\"datePublished\":\"2021-03-15T12:12:04+00:00\",\"dateModified\":\"2026-03-30T12:13:03+00:00\",\"breadcrumb\":{\"@id\":\"https:\\\/\\\/catedraldelvi.com\\\/reserves\\\/es\\\/reserva\\\/visita-guiada-degustacion\\\/#breadcrumb\"},\"inLanguage\":\"es\",\"potentialAction\":[{\"@type\":\"ReadAction\",\"target\":[\"https:\\\/\\\/catedraldelvi.com\\\/reserves\\\/es\\\/reserva\\\/visita-guiada-degustacion\\\/\"]}]},{\"@type\":\"ImageObject\",\"inLanguage\":\"es\",\"@id\":\"https:\\\/\\\/catedraldelvi.com\\\/reserves\\\/es\\\/reserva\\\/visita-guiada-degustacion\\\/#primaryimage\",\"url\":\"https:\\\/\\\/catedraldelvi.com\\\/reserves\\\/wp-content\\\/uploads\\\/2021\\\/03\\\/catedral-del-vi-visita-guiada.svg\",\"contentUrl\":\"https:\\\/\\\/catedraldelvi.com\\\/reserves\\\/wp-content\\\/uploads\\\/2021\\\/03\\\/catedral-del-vi-visita-guiada.svg\",\"width\":196,\"height\":197},{\"@type\":\"BreadcrumbList\",\"@id\":\"https:\\\/\\\/catedraldelvi.com\\\/reserves\\\/es\\\/reserva\\\/visita-guiada-degustacion\\\/#breadcrumb\",\"itemListElement\":[{\"@type\":\"ListItem\",\"position\":1,\"name\":\"Portada\",\"item\":\"https:\\\/\\\/catedraldelvi.com\\\/reserves\\\/es\\\/\"},{\"@type\":\"ListItem\",\"position\":2,\"name\":\"Tienda\",\"item\":\"https:\\\/\\\/catedraldelvi.com\\\/reserves\\\/es\\\/tienda\\\/\"},{\"@type\":\"ListItem\",\"position\":3,\"name\":\"Visita guiada + Degustaci\u00f3n\"}]},{\"@type\":\"WebSite\",\"@id\":\"https:\\\/\\\/catedraldelvi.com\\\/reserves\\\/es\\\/#website\",\"url\":\"https:\\\/\\\/catedraldelvi.com\\\/reserves\\\/es\\\/\",\"name\":\"Catedral del Vi - Pagos de H\u00edbera\",\"description\":\"Catedral del Vi - Pagos de H\u00edbera is the modernist winery of Villa Retiro Grup\",\"publisher\":{\"@id\":\"https:\\\/\\\/catedraldelvi.com\\\/reserves\\\/es\\\/#organization\"},\"potentialAction\":[{\"@type\":\"SearchAction\",\"target\":{\"@type\":\"EntryPoint\",\"urlTemplate\":\"https:\\\/\\\/catedraldelvi.com\\\/reserves\\\/es\\\/?s={search_term_string}\"},\"query-input\":{\"@type\":\"PropertyValueSpecification\",\"valueRequired\":true,\"valueName\":\"search_term_string\"}}],\"inLanguage\":\"es\"},{\"@type\":\"Organization\",\"@id\":\"https:\\\/\\\/catedraldelvi.com\\\/reserves\\\/es\\\/#organization\",\"name\":\"Catedral del Vi - Pagos de H\u00edbera\",\"url\":\"https:\\\/\\\/catedraldelvi.com\\\/reserves\\\/es\\\/\",\"logo\":{\"@type\":\"ImageObject\",\"inLanguage\":\"es\",\"@id\":\"https:\\\/\\\/catedraldelvi.com\\\/reserves\\\/es\\\/#\\\/schema\\\/logo\\\/image\\\/\",\"url\":\"https:\\\/\\\/catedraldelvi.com\\\/reserves\\\/wp-content\\\/uploads\\\/2025\\\/11\\\/pagos-de-hibera-catedral-del-vi-logo-2.svg\",\"contentUrl\":\"https:\\\/\\\/catedraldelvi.com\\\/reserves\\\/wp-content\\\/uploads\\\/2025\\\/11\\\/pagos-de-hibera-catedral-del-vi-logo-2.svg\",\"caption\":\"Catedral del Vi - Pagos de H\u00edbera\"},\"image\":{\"@id\":\"https:\\\/\\\/catedraldelvi.com\\\/reserves\\\/es\\\/#\\\/schema\\\/logo\\\/image\\\/\"}}]}<\/script>\n<!-- \/ Yoast SEO plugin. -->","yoast_head_json":{"title":"Visita guiada + Degustaci\u00f3n - Catedral del Vi - Pagos de H\u00edbera","robots":{"index":"index","follow":"follow","max-snippet":"max-snippet:-1","max-image-preview":"max-image-preview:large","max-video-preview":"max-video-preview:-1"},"canonical":"https:\/\/catedraldelvi.com\/reserves\/es\/reserva\/visita-guiada-degustacion\/","og_locale":"es_ES","og_type":"article","og_title":"Visita guiada + Degustaci\u00f3n - Catedral del Vi - Pagos de H\u00edbera","og_description":"Informaci\u00f3n  Visita guiada b\u00e1sica   Cata de dos vinos y un aceite  Duraci\u00f3n: 1h 30min  &nbsp;    Si has elegido Deluxe, tu visita incluye:   Cata de cuatro vinos, un aceite y un aperitivo  Duraci\u00f3n: 1h 45min","og_url":"https:\/\/catedraldelvi.com\/reserves\/es\/reserva\/visita-guiada-degustacion\/","og_site_name":"Catedral del Vi - Pagos de H\u00edbera","article_modified_time":"2026-03-30T12:13:03+00:00","twitter_card":"summary_large_image","twitter_misc":{"Tiempo de lectura":"1 minuto"},"schema":{"@context":"https:\/\/schema.org","@graph":[{"@type":"WebPage","@id":"https:\/\/catedraldelvi.com\/reserves\/es\/reserva\/visita-guiada-degustacion\/","url":"https:\/\/catedraldelvi.com\/reserves\/es\/reserva\/visita-guiada-degustacion\/","name":"Visita guiada + Degustaci\u00f3n - Catedral del Vi - Pagos de H\u00edbera","isPartOf":{"@id":"https:\/\/catedraldelvi.com\/reserves\/es\/#website"},"primaryImageOfPage":{"@id":"https:\/\/catedraldelvi.com\/reserves\/es\/reserva\/visita-guiada-degustacion\/#primaryimage"},"image":{"@id":"https:\/\/catedraldelvi.com\/reserves\/es\/reserva\/visita-guiada-degustacion\/#primaryimage"},"thumbnailUrl":"https:\/\/catedraldelvi.com\/reserves\/wp-content\/uploads\/2021\/03\/catedral-del-vi-visita-guiada.svg","datePublished":"2021-03-15T12:12:04+00:00","dateModified":"2026-03-30T12:13:03+00:00","breadcrumb":{"@id":"https:\/\/catedraldelvi.com\/reserves\/es\/reserva\/visita-guiada-degustacion\/#breadcrumb"},"inLanguage":"es","potentialAction":[{"@type":"ReadAction","target":["https:\/\/catedraldelvi.com\/reserves\/es\/reserva\/visita-guiada-degustacion\/"]}]},{"@type":"ImageObject","inLanguage":"es","@id":"https:\/\/catedraldelvi.com\/reserves\/es\/reserva\/visita-guiada-degustacion\/#primaryimage","url":"https:\/\/catedraldelvi.com\/reserves\/wp-content\/uploads\/2021\/03\/catedral-del-vi-visita-guiada.svg","contentUrl":"https:\/\/catedraldelvi.com\/reserves\/wp-content\/uploads\/2021\/03\/catedral-del-vi-visita-guiada.svg","width":196,"height":197},{"@type":"BreadcrumbList","@id":"https:\/\/catedraldelvi.com\/reserves\/es\/reserva\/visita-guiada-degustacion\/#breadcrumb","itemListElement":[{"@type":"ListItem","position":1,"name":"Portada","item":"https:\/\/catedraldelvi.com\/reserves\/es\/"},{"@type":"ListItem","position":2,"name":"Tienda","item":"https:\/\/catedraldelvi.com\/reserves\/es\/tienda\/"},{"@type":"ListItem","position":3,"name":"Visita guiada + Degustaci\u00f3n"}]},{"@type":"WebSite","@id":"https:\/\/catedraldelvi.com\/reserves\/es\/#website","url":"https:\/\/catedraldelvi.com\/reserves\/es\/","name":"Catedral del Vi - Pagos de H\u00edbera","description":"Catedral del Vi - Pagos de H\u00edbera is the modernist winery of Villa Retiro Grup","publisher":{"@id":"https:\/\/catedraldelvi.com\/reserves\/es\/#organization"},"potentialAction":[{"@type":"SearchAction","target":{"@type":"EntryPoint","urlTemplate":"https:\/\/catedraldelvi.com\/reserves\/es\/?s={search_term_string}"},"query-input":{"@type":"PropertyValueSpecification","valueRequired":true,"valueName":"search_term_string"}}],"inLanguage":"es"},{"@type":"Organization","@id":"https:\/\/catedraldelvi.com\/reserves\/es\/#organization","name":"Catedral del Vi - Pagos de H\u00edbera","url":"https:\/\/catedraldelvi.com\/reserves\/es\/","logo":{"@type":"ImageObject","inLanguage":"es","@id":"https:\/\/catedraldelvi.com\/reserves\/es\/#\/schema\/logo\/image\/","url":"https:\/\/catedraldelvi.com\/reserves\/wp-content\/uploads\/2025\/11\/pagos-de-hibera-catedral-del-vi-logo-2.svg","contentUrl":"https:\/\/catedraldelvi.com\/reserves\/wp-content\/uploads\/2025\/11\/pagos-de-hibera-catedral-del-vi-logo-2.svg","caption":"Catedral del Vi - Pagos de H\u00edbera"},"image":{"@id":"https:\/\/catedraldelvi.com\/reserves\/es\/#\/schema\/logo\/image\/"}}]}},"_links":{"self":[{"href":"https:\/\/catedraldelvi.com\/reserves\/es\/wp-json\/wp\/v2\/product\/318","targetHints":{"allow":["GET"]}}],"collection":[{"href":"https:\/\/catedraldelvi.com\/reserves\/es\/wp-json\/wp\/v2\/product"}],"about":[{"href":"https:\/\/catedraldelvi.com\/reserves\/es\/wp-json\/wp\/v2\/types\/product"}],"version-history":[{"count":4,"href":"https:\/\/catedraldelvi.com\/reserves\/es\/wp-json\/wp\/v2\/product\/318\/revisions"}],"predecessor-version":[{"id":16711,"href":"https:\/\/catedraldelvi.com\/reserves\/es\/wp-json\/wp\/v2\/product\/318\/revisions\/16711"}],"wp:featuredmedia":[{"embeddable":true,"href":"https:\/\/catedraldelvi.com\/reserves\/es\/wp-json\/wp\/v2\/media\/418"}],"wp:attachment":[{"href":"https:\/\/catedraldelvi.com\/reserves\/es\/wp-json\/wp\/v2\/media?parent=318"}],"wp:term":[{"taxonomy":"product_brand","embeddable":true,"href":"https:\/\/catedraldelvi.com\/reserves\/es\/wp-json\/wp\/v2\/product_brand?post=318"},{"taxonomy":"product_cat","embeddable":true,"href":"https:\/\/catedraldelvi.com\/reserves\/es\/wp-json\/wp\/v2\/product_cat?post=318"},{"taxonomy":"product_tag","embeddable":true,"href":"https:\/\/catedraldelvi.com\/reserves\/es\/wp-json\/wp\/v2\/product_tag?post=318"}],"curies":[{"name":"wp","href":"https:\/\/api.w.org\/{rel}","templated":true}]}}