{"id":315,"date":"2021-03-15T11:19:51","date_gmt":"2021-03-15T11:19:51","guid":{"rendered":"https:\/\/catedraldelvi.com\/reserves\/index.php\/\/producto\/visites-lliures\/"},"modified":"2026-03-30T13:05:42","modified_gmt":"2026-03-30T12:05:42","slug":"visitas-libres","status":"publish","type":"product","link":"https:\/\/catedraldelvi.com\/reserves\/es\/reserva\/visitas-libres\/","title":{"rendered":"Visitas libres"},"content":{"rendered":"","protected":false},"excerpt":{"rendered":"<p><strong>Informaci\u00f3n<\/strong><\/p>\n<p>Visita guiada b\u00e1sica<\/p>\n<ul>\n<li>Cata de dos vinos y un aceite<\/li>\n<li>Duraci\u00f3n: 30 min<\/li>\n<\/ul>\n<p>&nbsp;<\/p>\n<p>&nbsp;<\/p>\n<p><strong>****Si has elegido Deluxe, tu visita incluye:<\/strong><\/p>\n<ul>\n<li>Cata de cuatro vinos, un aceite y un aperitivo<\/li>\n<li>Duraci\u00f3n: 45 min<\/li>\n<\/ul>\n","protected":false},"featured_media":82,"template":"","meta":[],"product_brand":[],"product_cat":[47],"product_tag":[],"class_list":{"0":"post-315","1":"product","2":"type-product","3":"status-publish","4":"has-post-thumbnail","6":"product_cat-visites-lliures-es","7":"yith_booking_service-cata-de-aceites-virgen-extra-monovarietales","9":"first","10":"instock","11":"virtual","12":"sold-individually","13":"purchasable","14":"product-type-booking"},"yoast_head":"<!-- This site is optimized with the Yoast SEO plugin v27.3 - https:\/\/yoast.com\/product\/yoast-seo-wordpress\/ -->\n<title>Visitas libres - Catedral del Vi - Pagos de H\u00edbera<\/title>\n<meta name=\"robots\" content=\"index, follow, max-snippet:-1, max-image-preview:large, max-video-preview:-1\" \/>\n<link rel=\"canonical\" href=\"https:\/\/catedraldelvi.com\/reserves\/es\/reserva\/visitas-libres\/\" \/>\n<meta property=\"og:locale\" content=\"es_ES\" \/>\n<meta property=\"og:type\" content=\"article\" \/>\n<meta property=\"og:title\" content=\"Visitas libres - Catedral del Vi - Pagos de H\u00edbera\" \/>\n<meta property=\"og:description\" content=\"Informaci\u00f3n  Visita guiada b\u00e1sica   Cata de dos vinos y un aceite  Duraci\u00f3n: 30 min  &nbsp;  &nbsp;  ****Si has elegido Deluxe, tu visita incluye:   Cata de cuatro vinos, un aceite y un aperitivo  Duraci\u00f3n: 45 min\" \/>\n<meta property=\"og:url\" content=\"https:\/\/catedraldelvi.com\/reserves\/es\/reserva\/visitas-libres\/\" \/>\n<meta property=\"og:site_name\" content=\"Catedral del Vi - Pagos de H\u00edbera\" \/>\n<meta property=\"article:modified_time\" content=\"2026-03-30T12:05:42+00:00\" \/>\n<meta name=\"twitter:card\" content=\"summary_large_image\" \/>\n<meta name=\"twitter:label1\" content=\"Tiempo de lectura\" \/>\n\t<meta name=\"twitter:data1\" content=\"1 minuto\" \/>\n<script type=\"application\/ld+json\" class=\"yoast-schema-graph\">{\"@context\":\"https:\\\/\\\/schema.org\",\"@graph\":[{\"@type\":\"WebPage\",\"@id\":\"https:\\\/\\\/catedraldelvi.com\\\/reserves\\\/es\\\/reserva\\\/visitas-libres\\\/\",\"url\":\"https:\\\/\\\/catedraldelvi.com\\\/reserves\\\/es\\\/reserva\\\/visitas-libres\\\/\",\"name\":\"Visitas libres - Catedral del Vi - Pagos de H\u00edbera\",\"isPartOf\":{\"@id\":\"https:\\\/\\\/catedraldelvi.com\\\/reserves\\\/es\\\/#website\"},\"primaryImageOfPage\":{\"@id\":\"https:\\\/\\\/catedraldelvi.com\\\/reserves\\\/es\\\/reserva\\\/visitas-libres\\\/#primaryimage\"},\"image\":{\"@id\":\"https:\\\/\\\/catedraldelvi.com\\\/reserves\\\/es\\\/reserva\\\/visitas-libres\\\/#primaryimage\"},\"thumbnailUrl\":\"https:\\\/\\\/catedraldelvi.com\\\/reserves\\\/wp-content\\\/uploads\\\/2021\\\/03\\\/catedral-del-vi-visita-lliure.svg\",\"datePublished\":\"2021-03-15T11:19:51+00:00\",\"dateModified\":\"2026-03-30T12:05:42+00:00\",\"breadcrumb\":{\"@id\":\"https:\\\/\\\/catedraldelvi.com\\\/reserves\\\/es\\\/reserva\\\/visitas-libres\\\/#breadcrumb\"},\"inLanguage\":\"es\",\"potentialAction\":[{\"@type\":\"ReadAction\",\"target\":[\"https:\\\/\\\/catedraldelvi.com\\\/reserves\\\/es\\\/reserva\\\/visitas-libres\\\/\"]}]},{\"@type\":\"ImageObject\",\"inLanguage\":\"es\",\"@id\":\"https:\\\/\\\/catedraldelvi.com\\\/reserves\\\/es\\\/reserva\\\/visitas-libres\\\/#primaryimage\",\"url\":\"https:\\\/\\\/catedraldelvi.com\\\/reserves\\\/wp-content\\\/uploads\\\/2021\\\/03\\\/catedral-del-vi-visita-lliure.svg\",\"contentUrl\":\"https:\\\/\\\/catedraldelvi.com\\\/reserves\\\/wp-content\\\/uploads\\\/2021\\\/03\\\/catedral-del-vi-visita-lliure.svg\",\"width\":196,\"height\":197},{\"@type\":\"BreadcrumbList\",\"@id\":\"https:\\\/\\\/catedraldelvi.com\\\/reserves\\\/es\\\/reserva\\\/visitas-libres\\\/#breadcrumb\",\"itemListElement\":[{\"@type\":\"ListItem\",\"position\":1,\"name\":\"Portada\",\"item\":\"https:\\\/\\\/catedraldelvi.com\\\/reserves\\\/es\\\/\"},{\"@type\":\"ListItem\",\"position\":2,\"name\":\"Tienda\",\"item\":\"https:\\\/\\\/catedraldelvi.com\\\/reserves\\\/es\\\/tienda\\\/\"},{\"@type\":\"ListItem\",\"position\":3,\"name\":\"Visitas libres\"}]},{\"@type\":\"WebSite\",\"@id\":\"https:\\\/\\\/catedraldelvi.com\\\/reserves\\\/es\\\/#website\",\"url\":\"https:\\\/\\\/catedraldelvi.com\\\/reserves\\\/es\\\/\",\"name\":\"Catedral del Vi - Pagos de H\u00edbera\",\"description\":\"Catedral del Vi - Pagos de H\u00edbera is the modernist winery of Villa Retiro Grup\",\"publisher\":{\"@id\":\"https:\\\/\\\/catedraldelvi.com\\\/reserves\\\/es\\\/#organization\"},\"potentialAction\":[{\"@type\":\"SearchAction\",\"target\":{\"@type\":\"EntryPoint\",\"urlTemplate\":\"https:\\\/\\\/catedraldelvi.com\\\/reserves\\\/es\\\/?s={search_term_string}\"},\"query-input\":{\"@type\":\"PropertyValueSpecification\",\"valueRequired\":true,\"valueName\":\"search_term_string\"}}],\"inLanguage\":\"es\"},{\"@type\":\"Organization\",\"@id\":\"https:\\\/\\\/catedraldelvi.com\\\/reserves\\\/es\\\/#organization\",\"name\":\"Catedral del Vi - Pagos de H\u00edbera\",\"url\":\"https:\\\/\\\/catedraldelvi.com\\\/reserves\\\/es\\\/\",\"logo\":{\"@type\":\"ImageObject\",\"inLanguage\":\"es\",\"@id\":\"https:\\\/\\\/catedraldelvi.com\\\/reserves\\\/es\\\/#\\\/schema\\\/logo\\\/image\\\/\",\"url\":\"https:\\\/\\\/catedraldelvi.com\\\/reserves\\\/wp-content\\\/uploads\\\/2025\\\/11\\\/pagos-de-hibera-catedral-del-vi-logo-2.svg\",\"contentUrl\":\"https:\\\/\\\/catedraldelvi.com\\\/reserves\\\/wp-content\\\/uploads\\\/2025\\\/11\\\/pagos-de-hibera-catedral-del-vi-logo-2.svg\",\"caption\":\"Catedral del Vi - Pagos de H\u00edbera\"},\"image\":{\"@id\":\"https:\\\/\\\/catedraldelvi.com\\\/reserves\\\/es\\\/#\\\/schema\\\/logo\\\/image\\\/\"}}]}<\/script>\n<!-- \/ Yoast SEO plugin. -->","yoast_head_json":{"title":"Visitas libres - Catedral del Vi - Pagos de H\u00edbera","robots":{"index":"index","follow":"follow","max-snippet":"max-snippet:-1","max-image-preview":"max-image-preview:large","max-video-preview":"max-video-preview:-1"},"canonical":"https:\/\/catedraldelvi.com\/reserves\/es\/reserva\/visitas-libres\/","og_locale":"es_ES","og_type":"article","og_title":"Visitas libres - Catedral del Vi - Pagos de H\u00edbera","og_description":"Informaci\u00f3n  Visita guiada b\u00e1sica   Cata de dos vinos y un aceite  Duraci\u00f3n: 30 min  &nbsp;  &nbsp;  ****Si has elegido Deluxe, tu visita incluye:   Cata de cuatro vinos, un aceite y un aperitivo  Duraci\u00f3n: 45 min","og_url":"https:\/\/catedraldelvi.com\/reserves\/es\/reserva\/visitas-libres\/","og_site_name":"Catedral del Vi - Pagos de H\u00edbera","article_modified_time":"2026-03-30T12:05:42+00:00","twitter_card":"summary_large_image","twitter_misc":{"Tiempo de lectura":"1 minuto"},"schema":{"@context":"https:\/\/schema.org","@graph":[{"@type":"WebPage","@id":"https:\/\/catedraldelvi.com\/reserves\/es\/reserva\/visitas-libres\/","url":"https:\/\/catedraldelvi.com\/reserves\/es\/reserva\/visitas-libres\/","name":"Visitas libres - Catedral del Vi - Pagos de H\u00edbera","isPartOf":{"@id":"https:\/\/catedraldelvi.com\/reserves\/es\/#website"},"primaryImageOfPage":{"@id":"https:\/\/catedraldelvi.com\/reserves\/es\/reserva\/visitas-libres\/#primaryimage"},"image":{"@id":"https:\/\/catedraldelvi.com\/reserves\/es\/reserva\/visitas-libres\/#primaryimage"},"thumbnailUrl":"https:\/\/catedraldelvi.com\/reserves\/wp-content\/uploads\/2021\/03\/catedral-del-vi-visita-lliure.svg","datePublished":"2021-03-15T11:19:51+00:00","dateModified":"2026-03-30T12:05:42+00:00","breadcrumb":{"@id":"https:\/\/catedraldelvi.com\/reserves\/es\/reserva\/visitas-libres\/#breadcrumb"},"inLanguage":"es","potentialAction":[{"@type":"ReadAction","target":["https:\/\/catedraldelvi.com\/reserves\/es\/reserva\/visitas-libres\/"]}]},{"@type":"ImageObject","inLanguage":"es","@id":"https:\/\/catedraldelvi.com\/reserves\/es\/reserva\/visitas-libres\/#primaryimage","url":"https:\/\/catedraldelvi.com\/reserves\/wp-content\/uploads\/2021\/03\/catedral-del-vi-visita-lliure.svg","contentUrl":"https:\/\/catedraldelvi.com\/reserves\/wp-content\/uploads\/2021\/03\/catedral-del-vi-visita-lliure.svg","width":196,"height":197},{"@type":"BreadcrumbList","@id":"https:\/\/catedraldelvi.com\/reserves\/es\/reserva\/visitas-libres\/#breadcrumb","itemListElement":[{"@type":"ListItem","position":1,"name":"Portada","item":"https:\/\/catedraldelvi.com\/reserves\/es\/"},{"@type":"ListItem","position":2,"name":"Tienda","item":"https:\/\/catedraldelvi.com\/reserves\/es\/tienda\/"},{"@type":"ListItem","position":3,"name":"Visitas libres"}]},{"@type":"WebSite","@id":"https:\/\/catedraldelvi.com\/reserves\/es\/#website","url":"https:\/\/catedraldelvi.com\/reserves\/es\/","name":"Catedral del Vi - Pagos de H\u00edbera","description":"Catedral del Vi - Pagos de H\u00edbera is the modernist winery of Villa Retiro Grup","publisher":{"@id":"https:\/\/catedraldelvi.com\/reserves\/es\/#organization"},"potentialAction":[{"@type":"SearchAction","target":{"@type":"EntryPoint","urlTemplate":"https:\/\/catedraldelvi.com\/reserves\/es\/?s={search_term_string}"},"query-input":{"@type":"PropertyValueSpecification","valueRequired":true,"valueName":"search_term_string"}}],"inLanguage":"es"},{"@type":"Organization","@id":"https:\/\/catedraldelvi.com\/reserves\/es\/#organization","name":"Catedral del Vi - Pagos de H\u00edbera","url":"https:\/\/catedraldelvi.com\/reserves\/es\/","logo":{"@type":"ImageObject","inLanguage":"es","@id":"https:\/\/catedraldelvi.com\/reserves\/es\/#\/schema\/logo\/image\/","url":"https:\/\/catedraldelvi.com\/reserves\/wp-content\/uploads\/2025\/11\/pagos-de-hibera-catedral-del-vi-logo-2.svg","contentUrl":"https:\/\/catedraldelvi.com\/reserves\/wp-content\/uploads\/2025\/11\/pagos-de-hibera-catedral-del-vi-logo-2.svg","caption":"Catedral del Vi - Pagos de H\u00edbera"},"image":{"@id":"https:\/\/catedraldelvi.com\/reserves\/es\/#\/schema\/logo\/image\/"}}]}},"_links":{"self":[{"href":"https:\/\/catedraldelvi.com\/reserves\/es\/wp-json\/wp\/v2\/product\/315","targetHints":{"allow":["GET"]}}],"collection":[{"href":"https:\/\/catedraldelvi.com\/reserves\/es\/wp-json\/wp\/v2\/product"}],"about":[{"href":"https:\/\/catedraldelvi.com\/reserves\/es\/wp-json\/wp\/v2\/types\/product"}],"version-history":[{"count":3,"href":"https:\/\/catedraldelvi.com\/reserves\/es\/wp-json\/wp\/v2\/product\/315\/revisions"}],"predecessor-version":[{"id":16706,"href":"https:\/\/catedraldelvi.com\/reserves\/es\/wp-json\/wp\/v2\/product\/315\/revisions\/16706"}],"wp:featuredmedia":[{"embeddable":true,"href":"https:\/\/catedraldelvi.com\/reserves\/es\/wp-json\/wp\/v2\/media\/82"}],"wp:attachment":[{"href":"https:\/\/catedraldelvi.com\/reserves\/es\/wp-json\/wp\/v2\/media?parent=315"}],"wp:term":[{"taxonomy":"product_brand","embeddable":true,"href":"https:\/\/catedraldelvi.com\/reserves\/es\/wp-json\/wp\/v2\/product_brand?post=315"},{"taxonomy":"product_cat","embeddable":true,"href":"https:\/\/catedraldelvi.com\/reserves\/es\/wp-json\/wp\/v2\/product_cat?post=315"},{"taxonomy":"product_tag","embeddable":true,"href":"https:\/\/catedraldelvi.com\/reserves\/es\/wp-json\/wp\/v2\/product_tag?post=315"}],"curies":[{"name":"wp","href":"https:\/\/api.w.org\/{rel}","templated":true}]}}