{"id":5042,"date":"2017-09-03T13:13:08","date_gmt":"2017-09-03T11:13:08","guid":{"rendered":"http:\/\/catedraldelvi.com\/producte\/gamberrillo-mistelle-blanc\/"},"modified":"2026-02-11T18:59:03","modified_gmt":"2026-02-11T17:59:03","slug":"gamberrillo-mistelle-noire","status":"publish","type":"product","link":"https:\/\/catedraldelvi.com\/fr\/producte\/gamberrillo-mistelle-noire\/","title":{"rendered":"Gamberrillo Mistelle Noire"},"content":{"rendered":"<p><strong>Intense, structur\u00e9 et soyeux.<\/strong><br \/>\nCoffret de 6 bouteilles.<br \/>\nLe prix par bouteille est de 19,80 \u20ac, TVA incluse.<br \/>\nL\u2019emballage et la livraison sont gratuits.<\/p>\n","protected":false},"excerpt":{"rendered":"<p>Caisse de 6 bouteilles. Le prix comprend la TVA, l\u2019emballage et le transport.<\/p>\n<p><strong>Vari\u00e9t\u00e9 :<\/strong> Grenache blanc<\/p>\n<p><strong>\u00c2ge des vignes :<\/strong> 80 ans<\/p>\n<p><strong>Alcool :<\/strong> 15.5%<\/p>\n<p><strong>\u00c9levage en f\u00fbt :<\/strong> Non<\/p>\n","protected":false},"featured_media":25400,"template":"","meta":[],"product_brand":[],"product_cat":[190,191],"product_tag":[192,193,194],"class_list":{"0":"post-5042","1":"product","2":"type-product","3":"status-publish","4":"has-post-thumbnail","6":"product_cat-botiga-catedral-del-vi","7":"product_cat-vins","8":"product_tag-do-terra-alta","9":"product_tag-gamberrillo","10":"product_tag-mistela","12":"first","13":"instock","14":"taxable","15":"shipping-taxable","16":"purchasable","17":"product-type-simple"},"yoast_head":"<!-- This site is optimized with the Yoast SEO plugin v26.9 - https:\/\/yoast.com\/product\/yoast-seo-wordpress\/ -->\n<title>Gamberrillo Mistelle Noire - Catedral del Vi - Modernista Celler<\/title>\n<meta name=\"robots\" content=\"index, follow, max-snippet:-1, max-image-preview:large, max-video-preview:-1\" \/>\n<link rel=\"canonical\" href=\"https:\/\/catedraldelvi.com\/fr\/producte\/gamberrillo-mistelle-noire\/\" \/>\n<meta property=\"og:locale\" content=\"fr_FR\" \/>\n<meta property=\"og:type\" content=\"article\" \/>\n<meta property=\"og:title\" content=\"Gamberrillo Mistelle Noire - Catedral del Vi - Modernista Celler\" \/>\n<meta property=\"og:description\" content=\"Caisse de 6 bouteilles. Le prix comprend la TVA, l\u2019emballage et le transport.  Vari\u00e9t\u00e9 : Grenache blanc  \u00c2ge des vignes : 80 ans  Alcool : 15.5%  \u00c9levage en f\u00fbt : Non\" \/>\n<meta property=\"og:url\" content=\"https:\/\/catedraldelvi.com\/fr\/producte\/gamberrillo-mistelle-noire\/\" \/>\n<meta property=\"og:site_name\" content=\"Catedral del Vi - Modernista Celler\" \/>\n<meta property=\"article:publisher\" content=\"https:\/\/www.facebook.com\/catedraldelvi\/\" \/>\n<meta property=\"article:modified_time\" content=\"2026-02-11T17:59:03+00:00\" \/>\n<meta property=\"og:image\" content=\"https:\/\/catedraldelvi.com\/wp-content\/uploads\/2017\/09\/mistela-gamberillo-negre.jpg\" \/>\n\t<meta property=\"og:image:width\" content=\"544\" \/>\n\t<meta property=\"og:image:height\" content=\"906\" \/>\n\t<meta property=\"og:image:type\" content=\"image\/jpeg\" \/>\n<meta name=\"twitter:card\" content=\"summary_large_image\" \/>\n<meta name=\"twitter:site\" content=\"@pagosdehibera\" \/>\n<meta name=\"twitter:label1\" content=\"Dur\u00e9e de lecture estim\u00e9e\" \/>\n\t<meta name=\"twitter:data1\" content=\"1 minute\" \/>\n<script type=\"application\/ld+json\" class=\"yoast-schema-graph\">{\"@context\":\"https:\/\/schema.org\",\"@graph\":[{\"@type\":\"WebPage\",\"@id\":\"https:\/\/catedraldelvi.com\/fr\/producte\/gamberrillo-mistelle-noire\/\",\"url\":\"https:\/\/catedraldelvi.com\/fr\/producte\/gamberrillo-mistelle-noire\/\",\"name\":\"Gamberrillo Mistelle Noire - Catedral del Vi - Modernista Celler\",\"isPartOf\":{\"@id\":\"https:\/\/catedraldelvi.com\/#website\"},\"primaryImageOfPage\":{\"@id\":\"https:\/\/catedraldelvi.com\/fr\/producte\/gamberrillo-mistelle-noire\/#primaryimage\"},\"image\":{\"@id\":\"https:\/\/catedraldelvi.com\/fr\/producte\/gamberrillo-mistelle-noire\/#primaryimage\"},\"thumbnailUrl\":\"https:\/\/catedraldelvi.com\/wp-content\/uploads\/2017\/09\/mistela-gamberillo-negre.jpg\",\"datePublished\":\"2017-09-03T11:13:08+00:00\",\"dateModified\":\"2026-02-11T17:59:03+00:00\",\"breadcrumb\":{\"@id\":\"https:\/\/catedraldelvi.com\/fr\/producte\/gamberrillo-mistelle-noire\/#breadcrumb\"},\"inLanguage\":\"fr-FR\",\"potentialAction\":[{\"@type\":\"ReadAction\",\"target\":[\"https:\/\/catedraldelvi.com\/fr\/producte\/gamberrillo-mistelle-noire\/\"]}]},{\"@type\":\"ImageObject\",\"inLanguage\":\"fr-FR\",\"@id\":\"https:\/\/catedraldelvi.com\/fr\/producte\/gamberrillo-mistelle-noire\/#primaryimage\",\"url\":\"https:\/\/catedraldelvi.com\/wp-content\/uploads\/2017\/09\/mistela-gamberillo-negre.jpg\",\"contentUrl\":\"https:\/\/catedraldelvi.com\/wp-content\/uploads\/2017\/09\/mistela-gamberillo-negre.jpg\",\"width\":544,\"height\":906},{\"@type\":\"BreadcrumbList\",\"@id\":\"https:\/\/catedraldelvi.com\/fr\/producte\/gamberrillo-mistelle-noire\/#breadcrumb\",\"itemListElement\":[{\"@type\":\"ListItem\",\"position\":1,\"name\":\"Inici\",\"item\":\"https:\/\/catedraldelvi.com\/fr\/\"},{\"@type\":\"ListItem\",\"position\":2,\"name\":\"Produits\",\"item\":\"https:\/\/catedraldelvi.com\/fr\/shop\/\"},{\"@type\":\"ListItem\",\"position\":3,\"name\":\"Gamberrillo Mistelle Noire\"}]},{\"@type\":\"WebSite\",\"@id\":\"https:\/\/catedraldelvi.com\/#website\",\"url\":\"https:\/\/catedraldelvi.com\/\",\"name\":\"Catedral del Vi - Modernista Celler\",\"description\":\"Catedral del Vi - Modernista Celler is the modernist winery of Villa Retiro Grup\",\"publisher\":{\"@id\":\"https:\/\/catedraldelvi.com\/#organization\"},\"potentialAction\":[{\"@type\":\"SearchAction\",\"target\":{\"@type\":\"EntryPoint\",\"urlTemplate\":\"https:\/\/catedraldelvi.com\/?s={search_term_string}\"},\"query-input\":{\"@type\":\"PropertyValueSpecification\",\"valueRequired\":true,\"valueName\":\"search_term_string\"}}],\"inLanguage\":\"fr-FR\"},{\"@type\":\"Organization\",\"@id\":\"https:\/\/catedraldelvi.com\/#organization\",\"name\":\"Catedral del Vi - Modernista Celler\",\"url\":\"https:\/\/catedraldelvi.com\/\",\"logo\":{\"@type\":\"ImageObject\",\"inLanguage\":\"fr-FR\",\"@id\":\"https:\/\/catedraldelvi.com\/#\/schema\/logo\/image\/\",\"url\":\"https:\/\/catedraldelvi.com\/wp-content\/uploads\/2021\/10\/pagos-de-hibera-catedral-del-vi-logo-2.svg\",\"contentUrl\":\"https:\/\/catedraldelvi.com\/wp-content\/uploads\/2021\/10\/pagos-de-hibera-catedral-del-vi-logo-2.svg\",\"width\":440,\"height\":208,\"caption\":\"Catedral del Vi - Modernista Celler\"},\"image\":{\"@id\":\"https:\/\/catedraldelvi.com\/#\/schema\/logo\/image\/\"},\"sameAs\":[\"https:\/\/www.facebook.com\/catedraldelvi\/\",\"https:\/\/x.com\/pagosdehibera\",\"https:\/\/www.youtube.com\/channel\/UCCKuius4oW8nubXqIQUQ3aw\"]}]}<\/script>\n<!-- \/ Yoast SEO plugin. -->","yoast_head_json":{"title":"Gamberrillo Mistelle Noire - Catedral del Vi - Modernista Celler","robots":{"index":"index","follow":"follow","max-snippet":"max-snippet:-1","max-image-preview":"max-image-preview:large","max-video-preview":"max-video-preview:-1"},"canonical":"https:\/\/catedraldelvi.com\/fr\/producte\/gamberrillo-mistelle-noire\/","og_locale":"fr_FR","og_type":"article","og_title":"Gamberrillo Mistelle Noire - Catedral del Vi - Modernista Celler","og_description":"Caisse de 6 bouteilles. Le prix comprend la TVA, l\u2019emballage et le transport.  Vari\u00e9t\u00e9 : Grenache blanc  \u00c2ge des vignes : 80 ans  Alcool : 15.5%  \u00c9levage en f\u00fbt : Non","og_url":"https:\/\/catedraldelvi.com\/fr\/producte\/gamberrillo-mistelle-noire\/","og_site_name":"Catedral del Vi - Modernista Celler","article_publisher":"https:\/\/www.facebook.com\/catedraldelvi\/","article_modified_time":"2026-02-11T17:59:03+00:00","og_image":[{"width":544,"height":906,"url":"https:\/\/catedraldelvi.com\/wp-content\/uploads\/2017\/09\/mistela-gamberillo-negre.jpg","type":"image\/jpeg"}],"twitter_card":"summary_large_image","twitter_site":"@pagosdehibera","twitter_misc":{"Dur\u00e9e de lecture estim\u00e9e":"1 minute"},"schema":{"@context":"https:\/\/schema.org","@graph":[{"@type":"WebPage","@id":"https:\/\/catedraldelvi.com\/fr\/producte\/gamberrillo-mistelle-noire\/","url":"https:\/\/catedraldelvi.com\/fr\/producte\/gamberrillo-mistelle-noire\/","name":"Gamberrillo Mistelle Noire - Catedral del Vi - Modernista Celler","isPartOf":{"@id":"https:\/\/catedraldelvi.com\/#website"},"primaryImageOfPage":{"@id":"https:\/\/catedraldelvi.com\/fr\/producte\/gamberrillo-mistelle-noire\/#primaryimage"},"image":{"@id":"https:\/\/catedraldelvi.com\/fr\/producte\/gamberrillo-mistelle-noire\/#primaryimage"},"thumbnailUrl":"https:\/\/catedraldelvi.com\/wp-content\/uploads\/2017\/09\/mistela-gamberillo-negre.jpg","datePublished":"2017-09-03T11:13:08+00:00","dateModified":"2026-02-11T17:59:03+00:00","breadcrumb":{"@id":"https:\/\/catedraldelvi.com\/fr\/producte\/gamberrillo-mistelle-noire\/#breadcrumb"},"inLanguage":"fr-FR","potentialAction":[{"@type":"ReadAction","target":["https:\/\/catedraldelvi.com\/fr\/producte\/gamberrillo-mistelle-noire\/"]}]},{"@type":"ImageObject","inLanguage":"fr-FR","@id":"https:\/\/catedraldelvi.com\/fr\/producte\/gamberrillo-mistelle-noire\/#primaryimage","url":"https:\/\/catedraldelvi.com\/wp-content\/uploads\/2017\/09\/mistela-gamberillo-negre.jpg","contentUrl":"https:\/\/catedraldelvi.com\/wp-content\/uploads\/2017\/09\/mistela-gamberillo-negre.jpg","width":544,"height":906},{"@type":"BreadcrumbList","@id":"https:\/\/catedraldelvi.com\/fr\/producte\/gamberrillo-mistelle-noire\/#breadcrumb","itemListElement":[{"@type":"ListItem","position":1,"name":"Inici","item":"https:\/\/catedraldelvi.com\/fr\/"},{"@type":"ListItem","position":2,"name":"Produits","item":"https:\/\/catedraldelvi.com\/fr\/shop\/"},{"@type":"ListItem","position":3,"name":"Gamberrillo Mistelle Noire"}]},{"@type":"WebSite","@id":"https:\/\/catedraldelvi.com\/#website","url":"https:\/\/catedraldelvi.com\/","name":"Catedral del Vi - Modernista Celler","description":"Catedral del Vi - Modernista Celler is the modernist winery of Villa Retiro Grup","publisher":{"@id":"https:\/\/catedraldelvi.com\/#organization"},"potentialAction":[{"@type":"SearchAction","target":{"@type":"EntryPoint","urlTemplate":"https:\/\/catedraldelvi.com\/?s={search_term_string}"},"query-input":{"@type":"PropertyValueSpecification","valueRequired":true,"valueName":"search_term_string"}}],"inLanguage":"fr-FR"},{"@type":"Organization","@id":"https:\/\/catedraldelvi.com\/#organization","name":"Catedral del Vi - Modernista Celler","url":"https:\/\/catedraldelvi.com\/","logo":{"@type":"ImageObject","inLanguage":"fr-FR","@id":"https:\/\/catedraldelvi.com\/#\/schema\/logo\/image\/","url":"https:\/\/catedraldelvi.com\/wp-content\/uploads\/2021\/10\/pagos-de-hibera-catedral-del-vi-logo-2.svg","contentUrl":"https:\/\/catedraldelvi.com\/wp-content\/uploads\/2021\/10\/pagos-de-hibera-catedral-del-vi-logo-2.svg","width":440,"height":208,"caption":"Catedral del Vi - Modernista Celler"},"image":{"@id":"https:\/\/catedraldelvi.com\/#\/schema\/logo\/image\/"},"sameAs":["https:\/\/www.facebook.com\/catedraldelvi\/","https:\/\/x.com\/pagosdehibera","https:\/\/www.youtube.com\/channel\/UCCKuius4oW8nubXqIQUQ3aw"]}]}},"_links":{"self":[{"href":"https:\/\/catedraldelvi.com\/fr\/wp-json\/wp\/v2\/product\/5042","targetHints":{"allow":["GET"]}}],"collection":[{"href":"https:\/\/catedraldelvi.com\/fr\/wp-json\/wp\/v2\/product"}],"about":[{"href":"https:\/\/catedraldelvi.com\/fr\/wp-json\/wp\/v2\/types\/product"}],"wp:featuredmedia":[{"embeddable":true,"href":"https:\/\/catedraldelvi.com\/fr\/wp-json\/wp\/v2\/media\/25400"}],"wp:attachment":[{"href":"https:\/\/catedraldelvi.com\/fr\/wp-json\/wp\/v2\/media?parent=5042"}],"wp:term":[{"taxonomy":"product_brand","embeddable":true,"href":"https:\/\/catedraldelvi.com\/fr\/wp-json\/wp\/v2\/product_brand?post=5042"},{"taxonomy":"product_cat","embeddable":true,"href":"https:\/\/catedraldelvi.com\/fr\/wp-json\/wp\/v2\/product_cat?post=5042"},{"taxonomy":"product_tag","embeddable":true,"href":"https:\/\/catedraldelvi.com\/fr\/wp-json\/wp\/v2\/product_tag?post=5042"}],"curies":[{"name":"wp","href":"https:\/\/api.w.org\/{rel}","templated":true}]}}