{"id":5038,"date":"2017-09-04T14:29:34","date_gmt":"2017-09-04T12:29:34","guid":{"rendered":"http:\/\/catedraldelvi.com\/producte\/modernista-rouge\/"},"modified":"2025-11-05T13:28:32","modified_gmt":"2025-11-05T12:28:32","slug":"modernista-rouge","status":"publish","type":"product","link":"https:\/\/catedraldelvi.com\/fr\/producte\/modernista-rouge\/","title":{"rendered":"Modernista Rouge"},"content":{"rendered":"<p><strong>Jeune, frais et min\u00e9ral.<\/strong><br \/>\nCoffret de 6 bouteilles.<br \/>\nLe prix par bouteille est de 8,5 \u20ac, TVA incluse.<br \/>\nL\u2019emballage et la livraison sont gratuits.<\/p>\n","protected":false},"excerpt":{"rendered":"<p>Caisse de 6 bouteilles. Le prix comprend la TVA, l\u2019emballage et le transport.<\/p>\n<p><strong>Vari\u00e9t\u00e9 :<\/strong> grenache blanc, macabeu et muscat<\/p>\n<p><strong>\u00c2ge des vignes :<\/strong> entre 5 et 35 ans<\/p>\n<p><strong>Alcool :<\/strong> 13%<\/p>\n<p><strong>\u00c9levage en f\u00fbt :<\/strong> non<\/p>\n","protected":false},"featured_media":23738,"template":"","meta":[],"product_brand":[],"product_cat":[],"product_tag":[],"class_list":{"0":"post-5038","1":"product","2":"type-product","3":"status-publish","4":"has-post-thumbnail","7":"first","8":"instock","9":"taxable","10":"shipping-taxable","11":"purchasable","12":"product-type-simple"},"yoast_head":"<!-- This site is optimized with the Yoast SEO plugin v26.9 - https:\/\/yoast.com\/product\/yoast-seo-wordpress\/ -->\n<title>Modernista Rouge - Catedral del Vi - Modernista Celler<\/title>\n<meta name=\"description\" content=\"Modernista Rouge 2021 Vari\u00e9t\u00e9 : grenache blanc, macabeu et muscat\u00c2ge des vignes : entre 5 et 35 ans\" \/>\n<meta name=\"robots\" content=\"index, follow, max-snippet:-1, max-image-preview:large, max-video-preview:-1\" \/>\n<link rel=\"canonical\" href=\"https:\/\/catedraldelvi.com\/fr\/producte\/modernista-rouge\/\" \/>\n<meta property=\"og:locale\" content=\"fr_FR\" \/>\n<meta property=\"og:type\" content=\"article\" \/>\n<meta property=\"og:title\" content=\"Modernista Rouge - Catedral del Vi - Modernista Celler\" \/>\n<meta property=\"og:description\" content=\"Modernista Rouge 2021 Vari\u00e9t\u00e9 : grenache blanc, macabeu et muscat\u00c2ge des vignes : entre 5 et 35 ans\" \/>\n<meta property=\"og:url\" content=\"https:\/\/catedraldelvi.com\/fr\/producte\/modernista-rouge\/\" \/>\n<meta property=\"og:site_name\" content=\"Catedral del Vi - Modernista Celler\" \/>\n<meta property=\"article:publisher\" content=\"https:\/\/www.facebook.com\/catedraldelvi\/\" \/>\n<meta property=\"article:modified_time\" content=\"2025-11-05T12:28:32+00:00\" \/>\n<meta property=\"og:image\" content=\"https:\/\/catedraldelvi.com\/wp-content\/uploads\/2017\/09\/MODERNISTA-NEGRE-CATEDRAL-DEL-VI.jpg\" \/>\n\t<meta property=\"og:image:width\" content=\"533\" \/>\n\t<meta property=\"og:image:height\" content=\"801\" \/>\n\t<meta property=\"og:image:type\" content=\"image\/jpeg\" \/>\n<meta name=\"twitter:card\" content=\"summary_large_image\" \/>\n<meta name=\"twitter:site\" content=\"@pagosdehibera\" \/>\n<meta name=\"twitter:label1\" content=\"Dur\u00e9e de lecture estim\u00e9e\" \/>\n\t<meta name=\"twitter:data1\" content=\"1 minute\" \/>\n<script type=\"application\/ld+json\" class=\"yoast-schema-graph\">{\"@context\":\"https:\/\/schema.org\",\"@graph\":[{\"@type\":\"WebPage\",\"@id\":\"https:\/\/catedraldelvi.com\/fr\/producte\/modernista-rouge\/\",\"url\":\"https:\/\/catedraldelvi.com\/fr\/producte\/modernista-rouge\/\",\"name\":\"Modernista Rouge - Catedral del Vi - Modernista Celler\",\"isPartOf\":{\"@id\":\"https:\/\/catedraldelvi.com\/#website\"},\"primaryImageOfPage\":{\"@id\":\"https:\/\/catedraldelvi.com\/fr\/producte\/modernista-rouge\/#primaryimage\"},\"image\":{\"@id\":\"https:\/\/catedraldelvi.com\/fr\/producte\/modernista-rouge\/#primaryimage\"},\"thumbnailUrl\":\"https:\/\/catedraldelvi.com\/wp-content\/uploads\/2017\/09\/MODERNISTA-NEGRE-CATEDRAL-DEL-VI.jpg\",\"datePublished\":\"2017-09-04T12:29:34+00:00\",\"dateModified\":\"2025-11-05T12:28:32+00:00\",\"description\":\"Modernista Rouge 2021 Vari\u00e9t\u00e9 : grenache blanc, macabeu et muscat\u00c2ge des vignes : entre 5 et 35 ans\",\"breadcrumb\":{\"@id\":\"https:\/\/catedraldelvi.com\/fr\/producte\/modernista-rouge\/#breadcrumb\"},\"inLanguage\":\"fr-FR\",\"potentialAction\":[{\"@type\":\"ReadAction\",\"target\":[\"https:\/\/catedraldelvi.com\/fr\/producte\/modernista-rouge\/\"]}]},{\"@type\":\"ImageObject\",\"inLanguage\":\"fr-FR\",\"@id\":\"https:\/\/catedraldelvi.com\/fr\/producte\/modernista-rouge\/#primaryimage\",\"url\":\"https:\/\/catedraldelvi.com\/wp-content\/uploads\/2017\/09\/MODERNISTA-NEGRE-CATEDRAL-DEL-VI.jpg\",\"contentUrl\":\"https:\/\/catedraldelvi.com\/wp-content\/uploads\/2017\/09\/MODERNISTA-NEGRE-CATEDRAL-DEL-VI.jpg\",\"width\":533,\"height\":801},{\"@type\":\"BreadcrumbList\",\"@id\":\"https:\/\/catedraldelvi.com\/fr\/producte\/modernista-rouge\/#breadcrumb\",\"itemListElement\":[{\"@type\":\"ListItem\",\"position\":1,\"name\":\"Inici\",\"item\":\"https:\/\/catedraldelvi.com\/fr\/\"},{\"@type\":\"ListItem\",\"position\":2,\"name\":\"Produits\",\"item\":\"https:\/\/catedraldelvi.com\/fr\/shop\/\"},{\"@type\":\"ListItem\",\"position\":3,\"name\":\"Modernista Rouge\"}]},{\"@type\":\"WebSite\",\"@id\":\"https:\/\/catedraldelvi.com\/#website\",\"url\":\"https:\/\/catedraldelvi.com\/\",\"name\":\"Catedral del Vi - Modernista Celler\",\"description\":\"Catedral del Vi - Modernista Celler is the modernist winery of Villa Retiro Grup\",\"publisher\":{\"@id\":\"https:\/\/catedraldelvi.com\/#organization\"},\"potentialAction\":[{\"@type\":\"SearchAction\",\"target\":{\"@type\":\"EntryPoint\",\"urlTemplate\":\"https:\/\/catedraldelvi.com\/?s={search_term_string}\"},\"query-input\":{\"@type\":\"PropertyValueSpecification\",\"valueRequired\":true,\"valueName\":\"search_term_string\"}}],\"inLanguage\":\"fr-FR\"},{\"@type\":\"Organization\",\"@id\":\"https:\/\/catedraldelvi.com\/#organization\",\"name\":\"Catedral del Vi - Modernista Celler\",\"url\":\"https:\/\/catedraldelvi.com\/\",\"logo\":{\"@type\":\"ImageObject\",\"inLanguage\":\"fr-FR\",\"@id\":\"https:\/\/catedraldelvi.com\/#\/schema\/logo\/image\/\",\"url\":\"https:\/\/catedraldelvi.com\/wp-content\/uploads\/2021\/10\/pagos-de-hibera-catedral-del-vi-logo-2.svg\",\"contentUrl\":\"https:\/\/catedraldelvi.com\/wp-content\/uploads\/2021\/10\/pagos-de-hibera-catedral-del-vi-logo-2.svg\",\"width\":440,\"height\":208,\"caption\":\"Catedral del Vi - Modernista Celler\"},\"image\":{\"@id\":\"https:\/\/catedraldelvi.com\/#\/schema\/logo\/image\/\"},\"sameAs\":[\"https:\/\/www.facebook.com\/catedraldelvi\/\",\"https:\/\/x.com\/pagosdehibera\",\"https:\/\/www.youtube.com\/channel\/UCCKuius4oW8nubXqIQUQ3aw\"]}]}<\/script>\n<!-- \/ Yoast SEO plugin. -->","yoast_head_json":{"title":"Modernista Rouge - Catedral del Vi - Modernista Celler","description":"Modernista Rouge 2021 Vari\u00e9t\u00e9 : grenache blanc, macabeu et muscat\u00c2ge des vignes : entre 5 et 35 ans","robots":{"index":"index","follow":"follow","max-snippet":"max-snippet:-1","max-image-preview":"max-image-preview:large","max-video-preview":"max-video-preview:-1"},"canonical":"https:\/\/catedraldelvi.com\/fr\/producte\/modernista-rouge\/","og_locale":"fr_FR","og_type":"article","og_title":"Modernista Rouge - Catedral del Vi - Modernista Celler","og_description":"Modernista Rouge 2021 Vari\u00e9t\u00e9 : grenache blanc, macabeu et muscat\u00c2ge des vignes : entre 5 et 35 ans","og_url":"https:\/\/catedraldelvi.com\/fr\/producte\/modernista-rouge\/","og_site_name":"Catedral del Vi - Modernista Celler","article_publisher":"https:\/\/www.facebook.com\/catedraldelvi\/","article_modified_time":"2025-11-05T12:28:32+00:00","og_image":[{"width":533,"height":801,"url":"https:\/\/catedraldelvi.com\/wp-content\/uploads\/2017\/09\/MODERNISTA-NEGRE-CATEDRAL-DEL-VI.jpg","type":"image\/jpeg"}],"twitter_card":"summary_large_image","twitter_site":"@pagosdehibera","twitter_misc":{"Dur\u00e9e de lecture estim\u00e9e":"1 minute"},"schema":{"@context":"https:\/\/schema.org","@graph":[{"@type":"WebPage","@id":"https:\/\/catedraldelvi.com\/fr\/producte\/modernista-rouge\/","url":"https:\/\/catedraldelvi.com\/fr\/producte\/modernista-rouge\/","name":"Modernista Rouge - Catedral del Vi - Modernista Celler","isPartOf":{"@id":"https:\/\/catedraldelvi.com\/#website"},"primaryImageOfPage":{"@id":"https:\/\/catedraldelvi.com\/fr\/producte\/modernista-rouge\/#primaryimage"},"image":{"@id":"https:\/\/catedraldelvi.com\/fr\/producte\/modernista-rouge\/#primaryimage"},"thumbnailUrl":"https:\/\/catedraldelvi.com\/wp-content\/uploads\/2017\/09\/MODERNISTA-NEGRE-CATEDRAL-DEL-VI.jpg","datePublished":"2017-09-04T12:29:34+00:00","dateModified":"2025-11-05T12:28:32+00:00","description":"Modernista Rouge 2021 Vari\u00e9t\u00e9 : grenache blanc, macabeu et muscat\u00c2ge des vignes : entre 5 et 35 ans","breadcrumb":{"@id":"https:\/\/catedraldelvi.com\/fr\/producte\/modernista-rouge\/#breadcrumb"},"inLanguage":"fr-FR","potentialAction":[{"@type":"ReadAction","target":["https:\/\/catedraldelvi.com\/fr\/producte\/modernista-rouge\/"]}]},{"@type":"ImageObject","inLanguage":"fr-FR","@id":"https:\/\/catedraldelvi.com\/fr\/producte\/modernista-rouge\/#primaryimage","url":"https:\/\/catedraldelvi.com\/wp-content\/uploads\/2017\/09\/MODERNISTA-NEGRE-CATEDRAL-DEL-VI.jpg","contentUrl":"https:\/\/catedraldelvi.com\/wp-content\/uploads\/2017\/09\/MODERNISTA-NEGRE-CATEDRAL-DEL-VI.jpg","width":533,"height":801},{"@type":"BreadcrumbList","@id":"https:\/\/catedraldelvi.com\/fr\/producte\/modernista-rouge\/#breadcrumb","itemListElement":[{"@type":"ListItem","position":1,"name":"Inici","item":"https:\/\/catedraldelvi.com\/fr\/"},{"@type":"ListItem","position":2,"name":"Produits","item":"https:\/\/catedraldelvi.com\/fr\/shop\/"},{"@type":"ListItem","position":3,"name":"Modernista Rouge"}]},{"@type":"WebSite","@id":"https:\/\/catedraldelvi.com\/#website","url":"https:\/\/catedraldelvi.com\/","name":"Catedral del Vi - Modernista Celler","description":"Catedral del Vi - Modernista Celler is the modernist winery of Villa Retiro Grup","publisher":{"@id":"https:\/\/catedraldelvi.com\/#organization"},"potentialAction":[{"@type":"SearchAction","target":{"@type":"EntryPoint","urlTemplate":"https:\/\/catedraldelvi.com\/?s={search_term_string}"},"query-input":{"@type":"PropertyValueSpecification","valueRequired":true,"valueName":"search_term_string"}}],"inLanguage":"fr-FR"},{"@type":"Organization","@id":"https:\/\/catedraldelvi.com\/#organization","name":"Catedral del Vi - Modernista Celler","url":"https:\/\/catedraldelvi.com\/","logo":{"@type":"ImageObject","inLanguage":"fr-FR","@id":"https:\/\/catedraldelvi.com\/#\/schema\/logo\/image\/","url":"https:\/\/catedraldelvi.com\/wp-content\/uploads\/2021\/10\/pagos-de-hibera-catedral-del-vi-logo-2.svg","contentUrl":"https:\/\/catedraldelvi.com\/wp-content\/uploads\/2021\/10\/pagos-de-hibera-catedral-del-vi-logo-2.svg","width":440,"height":208,"caption":"Catedral del Vi - Modernista Celler"},"image":{"@id":"https:\/\/catedraldelvi.com\/#\/schema\/logo\/image\/"},"sameAs":["https:\/\/www.facebook.com\/catedraldelvi\/","https:\/\/x.com\/pagosdehibera","https:\/\/www.youtube.com\/channel\/UCCKuius4oW8nubXqIQUQ3aw"]}]}},"_links":{"self":[{"href":"https:\/\/catedraldelvi.com\/fr\/wp-json\/wp\/v2\/product\/5038","targetHints":{"allow":["GET"]}}],"collection":[{"href":"https:\/\/catedraldelvi.com\/fr\/wp-json\/wp\/v2\/product"}],"about":[{"href":"https:\/\/catedraldelvi.com\/fr\/wp-json\/wp\/v2\/types\/product"}],"wp:featuredmedia":[{"embeddable":true,"href":"https:\/\/catedraldelvi.com\/fr\/wp-json\/wp\/v2\/media\/23738"}],"wp:attachment":[{"href":"https:\/\/catedraldelvi.com\/fr\/wp-json\/wp\/v2\/media?parent=5038"}],"wp:term":[{"taxonomy":"product_brand","embeddable":true,"href":"https:\/\/catedraldelvi.com\/fr\/wp-json\/wp\/v2\/product_brand?post=5038"},{"taxonomy":"product_cat","embeddable":true,"href":"https:\/\/catedraldelvi.com\/fr\/wp-json\/wp\/v2\/product_cat?post=5038"},{"taxonomy":"product_tag","embeddable":true,"href":"https:\/\/catedraldelvi.com\/fr\/wp-json\/wp\/v2\/product_tag?post=5038"}],"curies":[{"name":"wp","href":"https:\/\/api.w.org\/{rel}","templated":true}]}}