{"id":4985,"date":"2017-09-02T13:27:04","date_gmt":"2017-09-02T11:27:04","guid":{"rendered":"http:\/\/catedraldelvi.com\/producte\/gamberro-de-guarda-rouge-2013\/"},"modified":"2025-11-05T12:48:54","modified_gmt":"2025-11-05T11:48:54","slug":"gamberro-de-guarda-rouge-2013","status":"publish","type":"product","link":"https:\/\/catedraldelvi.com\/fr\/producte\/gamberro-de-guarda-rouge-2013\/","title":{"rendered":"Gamberro de guarda rouge"},"content":{"rendered":"<p><strong>\u00c9l\u00e9gant, \u00e9quilibr\u00e9, rond et persistant.<\/strong><br \/>\nCoffret de 6 bouteilles.<br \/>\nLe prix par bouteille est de 32 \u20ac, TVA incluse.<br \/>\nL\u2019emballage et la livraison sont gratuits.<\/p>\n","protected":false},"excerpt":{"rendered":"<p>Caisse de 6 bouteilles. Le prix comprend la TVA, l\u2019emballage et le transport.<\/p>\n<p><strong>Ann\u00e9:<\/strong> 2016<\/p>\n<p><strong>Vari\u00e9t\u00e9: <\/strong>Syrah, Carignan, Grenache noir et Cabernet Sauvignon<\/p>\n<p><strong>\u00c2ge des vignes: <\/strong>entre 20 et 65 ans<\/p>\n<p><strong>Alcool: <\/strong>15%<\/p>\n<p><strong>\u00c9levage en f\u00fbt: <\/strong>18 mois en tonneau neuf en ch\u00eane fran\u00e7ais et 12 mois en bouteille<\/p>\n","protected":false},"featured_media":24687,"template":"","meta":[],"product_brand":[],"product_cat":[],"product_tag":[],"class_list":{"0":"post-4985","1":"product","2":"type-product","3":"status-publish","4":"has-post-thumbnail","7":"first","8":"instock","9":"taxable","10":"shipping-taxable","11":"purchasable","12":"product-type-simple"},"yoast_head":"<!-- This site is optimized with the Yoast SEO plugin v26.9 - https:\/\/yoast.com\/product\/yoast-seo-wordpress\/ -->\n<title>Gamberro de guarda rouge - Catedral del Vi - Modernista Celler<\/title>\n<meta name=\"description\" content=\"Gamberro de guarda rouge 2016\" \/>\n<meta name=\"robots\" content=\"index, follow, max-snippet:-1, max-image-preview:large, max-video-preview:-1\" \/>\n<link rel=\"canonical\" href=\"https:\/\/catedraldelvi.com\/fr\/producte\/gamberro-de-guarda-rouge-2013\/\" \/>\n<meta property=\"og:locale\" content=\"fr_FR\" \/>\n<meta property=\"og:type\" content=\"article\" \/>\n<meta property=\"og:title\" content=\"Gamberro de guarda rouge - Catedral del Vi - Modernista Celler\" \/>\n<meta property=\"og:description\" content=\"Gamberro de guarda rouge 2016\" \/>\n<meta property=\"og:url\" content=\"https:\/\/catedraldelvi.com\/fr\/producte\/gamberro-de-guarda-rouge-2013\/\" \/>\n<meta property=\"og:site_name\" content=\"Catedral del Vi - Modernista Celler\" \/>\n<meta property=\"article:publisher\" content=\"https:\/\/www.facebook.com\/catedraldelvi\/\" \/>\n<meta property=\"article:modified_time\" content=\"2025-11-05T11:48:54+00:00\" \/>\n<meta name=\"twitter:card\" content=\"summary_large_image\" \/>\n<meta name=\"twitter:site\" content=\"@pagosdehibera\" \/>\n<meta name=\"twitter:label1\" content=\"Dur\u00e9e de lecture estim\u00e9e\" \/>\n\t<meta name=\"twitter:data1\" content=\"1 minute\" \/>\n<script type=\"application\/ld+json\" class=\"yoast-schema-graph\">{\"@context\":\"https:\/\/schema.org\",\"@graph\":[{\"@type\":\"WebPage\",\"@id\":\"https:\/\/catedraldelvi.com\/fr\/producte\/gamberro-de-guarda-rouge-2013\/\",\"url\":\"https:\/\/catedraldelvi.com\/fr\/producte\/gamberro-de-guarda-rouge-2013\/\",\"name\":\"Gamberro de guarda rouge - Catedral del Vi - Modernista Celler\",\"isPartOf\":{\"@id\":\"https:\/\/catedraldelvi.com\/#website\"},\"primaryImageOfPage\":{\"@id\":\"https:\/\/catedraldelvi.com\/fr\/producte\/gamberro-de-guarda-rouge-2013\/#primaryimage\"},\"image\":{\"@id\":\"https:\/\/catedraldelvi.com\/fr\/producte\/gamberro-de-guarda-rouge-2013\/#primaryimage\"},\"thumbnailUrl\":\"https:\/\/catedraldelvi.com\/wp-content\/uploads\/2025\/10\/GAMBERRO-NEGRE.avif\",\"datePublished\":\"2017-09-02T11:27:04+00:00\",\"dateModified\":\"2025-11-05T11:48:54+00:00\",\"description\":\"Gamberro de guarda rouge 2016\",\"breadcrumb\":{\"@id\":\"https:\/\/catedraldelvi.com\/fr\/producte\/gamberro-de-guarda-rouge-2013\/#breadcrumb\"},\"inLanguage\":\"fr-FR\",\"potentialAction\":[{\"@type\":\"ReadAction\",\"target\":[\"https:\/\/catedraldelvi.com\/fr\/producte\/gamberro-de-guarda-rouge-2013\/\"]}]},{\"@type\":\"ImageObject\",\"inLanguage\":\"fr-FR\",\"@id\":\"https:\/\/catedraldelvi.com\/fr\/producte\/gamberro-de-guarda-rouge-2013\/#primaryimage\",\"url\":\"https:\/\/catedraldelvi.com\/wp-content\/uploads\/2025\/10\/GAMBERRO-NEGRE.avif\",\"contentUrl\":\"https:\/\/catedraldelvi.com\/wp-content\/uploads\/2025\/10\/GAMBERRO-NEGRE.avif\",\"width\":544,\"height\":906},{\"@type\":\"BreadcrumbList\",\"@id\":\"https:\/\/catedraldelvi.com\/fr\/producte\/gamberro-de-guarda-rouge-2013\/#breadcrumb\",\"itemListElement\":[{\"@type\":\"ListItem\",\"position\":1,\"name\":\"Inici\",\"item\":\"https:\/\/catedraldelvi.com\/fr\/\"},{\"@type\":\"ListItem\",\"position\":2,\"name\":\"Produits\",\"item\":\"https:\/\/catedraldelvi.com\/fr\/shop\/\"},{\"@type\":\"ListItem\",\"position\":3,\"name\":\"Gamberro de guarda rouge\"}]},{\"@type\":\"WebSite\",\"@id\":\"https:\/\/catedraldelvi.com\/#website\",\"url\":\"https:\/\/catedraldelvi.com\/\",\"name\":\"Catedral del Vi - Modernista Celler\",\"description\":\"Catedral del Vi - Modernista Celler is the modernist winery of Villa Retiro Grup\",\"publisher\":{\"@id\":\"https:\/\/catedraldelvi.com\/#organization\"},\"potentialAction\":[{\"@type\":\"SearchAction\",\"target\":{\"@type\":\"EntryPoint\",\"urlTemplate\":\"https:\/\/catedraldelvi.com\/?s={search_term_string}\"},\"query-input\":{\"@type\":\"PropertyValueSpecification\",\"valueRequired\":true,\"valueName\":\"search_term_string\"}}],\"inLanguage\":\"fr-FR\"},{\"@type\":\"Organization\",\"@id\":\"https:\/\/catedraldelvi.com\/#organization\",\"name\":\"Catedral del Vi - Modernista Celler\",\"url\":\"https:\/\/catedraldelvi.com\/\",\"logo\":{\"@type\":\"ImageObject\",\"inLanguage\":\"fr-FR\",\"@id\":\"https:\/\/catedraldelvi.com\/#\/schema\/logo\/image\/\",\"url\":\"https:\/\/catedraldelvi.com\/wp-content\/uploads\/2021\/10\/pagos-de-hibera-catedral-del-vi-logo-2.svg\",\"contentUrl\":\"https:\/\/catedraldelvi.com\/wp-content\/uploads\/2021\/10\/pagos-de-hibera-catedral-del-vi-logo-2.svg\",\"width\":440,\"height\":208,\"caption\":\"Catedral del Vi - Modernista Celler\"},\"image\":{\"@id\":\"https:\/\/catedraldelvi.com\/#\/schema\/logo\/image\/\"},\"sameAs\":[\"https:\/\/www.facebook.com\/catedraldelvi\/\",\"https:\/\/x.com\/pagosdehibera\",\"https:\/\/www.youtube.com\/channel\/UCCKuius4oW8nubXqIQUQ3aw\"]}]}<\/script>\n<!-- \/ Yoast SEO plugin. -->","yoast_head_json":{"title":"Gamberro de guarda rouge - Catedral del Vi - Modernista Celler","description":"Gamberro de guarda rouge 2016","robots":{"index":"index","follow":"follow","max-snippet":"max-snippet:-1","max-image-preview":"max-image-preview:large","max-video-preview":"max-video-preview:-1"},"canonical":"https:\/\/catedraldelvi.com\/fr\/producte\/gamberro-de-guarda-rouge-2013\/","og_locale":"fr_FR","og_type":"article","og_title":"Gamberro de guarda rouge - Catedral del Vi - Modernista Celler","og_description":"Gamberro de guarda rouge 2016","og_url":"https:\/\/catedraldelvi.com\/fr\/producte\/gamberro-de-guarda-rouge-2013\/","og_site_name":"Catedral del Vi - Modernista Celler","article_publisher":"https:\/\/www.facebook.com\/catedraldelvi\/","article_modified_time":"2025-11-05T11:48:54+00:00","twitter_card":"summary_large_image","twitter_site":"@pagosdehibera","twitter_misc":{"Dur\u00e9e de lecture estim\u00e9e":"1 minute"},"schema":{"@context":"https:\/\/schema.org","@graph":[{"@type":"WebPage","@id":"https:\/\/catedraldelvi.com\/fr\/producte\/gamberro-de-guarda-rouge-2013\/","url":"https:\/\/catedraldelvi.com\/fr\/producte\/gamberro-de-guarda-rouge-2013\/","name":"Gamberro de guarda rouge - Catedral del Vi - Modernista Celler","isPartOf":{"@id":"https:\/\/catedraldelvi.com\/#website"},"primaryImageOfPage":{"@id":"https:\/\/catedraldelvi.com\/fr\/producte\/gamberro-de-guarda-rouge-2013\/#primaryimage"},"image":{"@id":"https:\/\/catedraldelvi.com\/fr\/producte\/gamberro-de-guarda-rouge-2013\/#primaryimage"},"thumbnailUrl":"https:\/\/catedraldelvi.com\/wp-content\/uploads\/2025\/10\/GAMBERRO-NEGRE.avif","datePublished":"2017-09-02T11:27:04+00:00","dateModified":"2025-11-05T11:48:54+00:00","description":"Gamberro de guarda rouge 2016","breadcrumb":{"@id":"https:\/\/catedraldelvi.com\/fr\/producte\/gamberro-de-guarda-rouge-2013\/#breadcrumb"},"inLanguage":"fr-FR","potentialAction":[{"@type":"ReadAction","target":["https:\/\/catedraldelvi.com\/fr\/producte\/gamberro-de-guarda-rouge-2013\/"]}]},{"@type":"ImageObject","inLanguage":"fr-FR","@id":"https:\/\/catedraldelvi.com\/fr\/producte\/gamberro-de-guarda-rouge-2013\/#primaryimage","url":"https:\/\/catedraldelvi.com\/wp-content\/uploads\/2025\/10\/GAMBERRO-NEGRE.avif","contentUrl":"https:\/\/catedraldelvi.com\/wp-content\/uploads\/2025\/10\/GAMBERRO-NEGRE.avif","width":544,"height":906},{"@type":"BreadcrumbList","@id":"https:\/\/catedraldelvi.com\/fr\/producte\/gamberro-de-guarda-rouge-2013\/#breadcrumb","itemListElement":[{"@type":"ListItem","position":1,"name":"Inici","item":"https:\/\/catedraldelvi.com\/fr\/"},{"@type":"ListItem","position":2,"name":"Produits","item":"https:\/\/catedraldelvi.com\/fr\/shop\/"},{"@type":"ListItem","position":3,"name":"Gamberro de guarda rouge"}]},{"@type":"WebSite","@id":"https:\/\/catedraldelvi.com\/#website","url":"https:\/\/catedraldelvi.com\/","name":"Catedral del Vi - Modernista Celler","description":"Catedral del Vi - Modernista Celler is the modernist winery of Villa Retiro Grup","publisher":{"@id":"https:\/\/catedraldelvi.com\/#organization"},"potentialAction":[{"@type":"SearchAction","target":{"@type":"EntryPoint","urlTemplate":"https:\/\/catedraldelvi.com\/?s={search_term_string}"},"query-input":{"@type":"PropertyValueSpecification","valueRequired":true,"valueName":"search_term_string"}}],"inLanguage":"fr-FR"},{"@type":"Organization","@id":"https:\/\/catedraldelvi.com\/#organization","name":"Catedral del Vi - Modernista Celler","url":"https:\/\/catedraldelvi.com\/","logo":{"@type":"ImageObject","inLanguage":"fr-FR","@id":"https:\/\/catedraldelvi.com\/#\/schema\/logo\/image\/","url":"https:\/\/catedraldelvi.com\/wp-content\/uploads\/2021\/10\/pagos-de-hibera-catedral-del-vi-logo-2.svg","contentUrl":"https:\/\/catedraldelvi.com\/wp-content\/uploads\/2021\/10\/pagos-de-hibera-catedral-del-vi-logo-2.svg","width":440,"height":208,"caption":"Catedral del Vi - Modernista Celler"},"image":{"@id":"https:\/\/catedraldelvi.com\/#\/schema\/logo\/image\/"},"sameAs":["https:\/\/www.facebook.com\/catedraldelvi\/","https:\/\/x.com\/pagosdehibera","https:\/\/www.youtube.com\/channel\/UCCKuius4oW8nubXqIQUQ3aw"]}]}},"_links":{"self":[{"href":"https:\/\/catedraldelvi.com\/fr\/wp-json\/wp\/v2\/product\/4985","targetHints":{"allow":["GET"]}}],"collection":[{"href":"https:\/\/catedraldelvi.com\/fr\/wp-json\/wp\/v2\/product"}],"about":[{"href":"https:\/\/catedraldelvi.com\/fr\/wp-json\/wp\/v2\/types\/product"}],"wp:featuredmedia":[{"embeddable":true,"href":"https:\/\/catedraldelvi.com\/fr\/wp-json\/wp\/v2\/media\/24687"}],"wp:attachment":[{"href":"https:\/\/catedraldelvi.com\/fr\/wp-json\/wp\/v2\/media?parent=4985"}],"wp:term":[{"taxonomy":"product_brand","embeddable":true,"href":"https:\/\/catedraldelvi.com\/fr\/wp-json\/wp\/v2\/product_brand?post=4985"},{"taxonomy":"product_cat","embeddable":true,"href":"https:\/\/catedraldelvi.com\/fr\/wp-json\/wp\/v2\/product_cat?post=4985"},{"taxonomy":"product_tag","embeddable":true,"href":"https:\/\/catedraldelvi.com\/fr\/wp-json\/wp\/v2\/product_tag?post=4985"}],"curies":[{"name":"wp","href":"https:\/\/api.w.org\/{rel}","templated":true}]}}