{"id":3501,"date":"2016-05-10T03:48:21","date_gmt":"2016-05-10T01:48:21","guid":{"rendered":"http:\/\/catedraldelvi.com\/fr\/pagos-de-hibera\/reconeixements\/"},"modified":"2022-07-29T18:45:26","modified_gmt":"2022-07-29T16:45:26","slug":"distinctions","status":"publish","type":"page","link":"https:\/\/catedraldelvi.com\/fr\/distinctions\/","title":{"rendered":"Distinctions"},"content":{"rendered":"<p>[vc_row css=\u00a0\u00bb.vc_custom_1504090061096{margin-top: 4% !important;margin-bottom: 4% !important;}\u00a0\u00bb][vc_column width=\u00a0\u00bb1\/2&Prime;][cl_heading title=\u00a0\u00bbGrenaches du Monde\u00a0\u00bb style=\u00a0\u00bbsingle-line\u00a0\u00bb][vc_column_text][cl_teaser color=\u00a0\u00bb#444444&Prime;]<a href=\"http:\/\/www.grenachesdumonde.com\/fr\/\">Grenaches du Monde<\/a> est un prestigieux concours international au cours duquel sont \u00e9valu\u00e9s les diff\u00e9rents types de grenache du monde entier.[\/cl_teaser]<\/p>\n<p>[cl_teaser color=\u00a0\u00bb#444444&Prime;]\u2713 <em>Gold Metal 2014<\/em> pour L&rsquo;Indi\u00e0 Blanc 2014.<br \/>\n\u2713 <em>Bronze Medal 2018 pour <\/em>L&rsquo;Indi\u00e0 Blanc 2016.<br \/>\n\u2713 <em>Gold Medal<\/em> 2017 pour Gamberro Blanc 2012.<br \/>\n\u2713 <em>Gold Medal<\/em> 2016 pour Gamberrillo Mistela blanc 2014.<br \/>\n\u2713 <em>Gold Medal<\/em> 2017 pour Gamberrillo Mistela blanc 2014.<br \/>\n\u2713 <em>Silver medal 2019<\/em> pour Gamberro Blanco 2015.[\/cl_teaser][\/vc_column_text][\/vc_column][vc_column width=\u00a0\u00bb1\/2&Prime;][cl_heading title=\u00a0\u00bbPrix vinari\u00a0\u00bb style=\u00a0\u00bbsingle-line\u00a0\u00bb][vc_column_text][cl_teaser color=\u00a0\u00bb#444444&Prime;]Les <a href=\"http:\/\/elmon.cat\/vinari\/\">prix Vinari<\/a> ont pour but de faire conna\u00eetre et de promouvoir les vins \u00e9labor\u00e9s en Catalogne et d&rsquo;orienter le consommateur vers un produit local de qualit\u00e9. [\/cl_teaser]<\/p>\n<p>[cl_teaser color=\u00a0\u00bb#444444&Prime;]\u2713 <em>Vinari de Plata 2015 pour\u00a0<\/em>Gamberrillo Mistela Negra 2013.<br \/>\n\u2713 <em>Vinari de Plata 2017 pour\u00a0<\/em>Gamberrillo Mistela Blanca 2014.<br \/>\n\u2713 <em>Vinari de Plata 2018 pour <\/em>Gamberrillo Mistela Blanca 2015.<br \/>\n\u2713 <em>Vinari de Plata 2020 pour<\/em> L\u2019Indi\u00e0 Blanc 2018.<br \/>\n[\/cl_teaser][\/vc_column_text][\/vc_column][\/vc_row][vc_row][vc_column][vc_single_image image=\u00a0\u00bb7344&Prime; img_size=\u00a0\u00bbfull\u00a0\u00bb alignment=\u00a0\u00bbcenter\u00a0\u00bb][\/vc_column][\/vc_row][vc_row full_width=\u00a0\u00bbstretch_row_content_no_spaces\u00a0\u00bb equal_height_columns=\u00a0\u00bbno\u00a0\u00bb ts_row_screen_height=\u00a0\u00bbfalse\u00a0\u00bb ts_row_screen_offset=\u00a0\u00bb0&Prime; ts_row_min_height=\u00a0\u00bb100&Prime; ts_row_break_parents=\u00a0\u00bb0&Prime; ts_row_zindex=\u00a0\u00bb0&Prime; ts_row_bg_source=\u00a0\u00bbfull\u00a0\u00bb ts_row_bg_position=\u00a0\u00bbcenter\u00a0\u00bb ts_row_bg_size_standard=\u00a0\u00bbcover\u00a0\u00bb ts_row_bg_size_parallax=\u00a0\u00bbcover\u00a0\u00bb ts_row_bg_repeat=\u00a0\u00bbno-repeat\u00a0\u00bb ts_row_parallax_type=\u00a0\u00bbup\u00a0\u00bb ts_row_bg_alignment_v=\u00a0\u00bbcenter\u00a0\u00bb ts_row_bg_alignment_h=\u00a0\u00bbcenter\u00a0\u00bb ts_row_parallax_speed=\u00a0\u00bb20&Prime; ts_row_automove_speed=\u00a0\u00bb75&Prime; ts_row_automove_scroll=\u00a0\u00bbtrue\u00a0\u00bb ts_row_automove_align=\u00a0\u00bbhorizontal\u00a0\u00bb ts_row_automove_path_h=\u00a0\u00bbleftright\u00a0\u00bb ts_row_automove_path_v=\u00a0\u00bbtopbottom\u00a0\u00bb ts_row_movement_x_allow=\u00a0\u00bbtrue\u00a0\u00bb ts_row_movement_x_ratio=\u00a0\u00bb10&Prime; ts_row_movement_y_allow=\u00a0\u00bbtrue\u00a0\u00bb ts_row_movement_y_ratio=\u00a0\u00bb10&Prime; ts_row_movement_content=\u00a0\u00bbtrue\u00a0\u00bb padding_top=\u00a0\u00bb30&Prime; padding_bottom=\u00a0\u00bb30&Prime; margin_left=\u00a0\u00bb0&Prime; margin_right=\u00a0\u00bb0&Prime; single_color=\u00a0\u00bb#ffffff\u00a0\u00bb gradient_angle=\u00a0\u00bb0&Prime; gradient_color_start=\u00a0\u00bb#cccccc\u00a0\u00bb gradient_start_offset=\u00a0\u00bb0&Prime; gradient_color_end=\u00a0\u00bb#cccccc\u00a0\u00bb gradient_end_offset=\u00a0\u00bb100&Prime; video_mute=\u00a0\u00bbtrue\u00a0\u00bb video_loop=\u00a0\u00bbfalse\u00a0\u00bb video_remove=\u00a0\u00bbfalse\u00a0\u00bb video_start=\u00a0\u00bbfalse\u00a0\u00bb video_stop=\u00a0\u00bbtrue\u00a0\u00bb video_controls=\u00a0\u00bbtrue\u00a0\u00bb video_raster=\u00a0\u00bbfalse\u00a0\u00bb svg_top_on=\u00a0\u00bbfalse\u00a0\u00bb svg_top_style=\u00a0\u00bb1&Prime; svg_top_height=\u00a0\u00bb100&Prime; svg_top_flip=\u00a0\u00bbfalse\u00a0\u00bb svg_top_position=\u00a0\u00bb0&Prime; svg_top_color1=\u00a0\u00bb#ffffff\u00a0\u00bb svg_top_color2=\u00a0\u00bb#ededed\u00a0\u00bb svg_bottom_on=\u00a0\u00bbfalse\u00a0\u00bb svg_bottom_style=\u00a0\u00bb1&Prime; svg_bottom_height=\u00a0\u00bb100&Prime; svg_bottom_flip=\u00a0\u00bbfalse\u00a0\u00bb svg_bottom_position=\u00a0\u00bb0&Prime; svg_bottom_color1=\u00a0\u00bb#ffffff\u00a0\u00bb svg_bottom_color2=\u00a0\u00bb#ededed\u00a0\u00bb ts_row_raster_use=\u00a0\u00bbfalse\u00a0\u00bb ts_row_raster_type=\u00a0\u00bbtransparent\u00a0\u00bb ts_row_overlay_use=\u00a0\u00bbfalse\u00a0\u00bb ts_row_overlay_color=\u00a0\u00bbrgba(30,115,190,0.25)\u00a0\u00bb animation_scroll=\u00a0\u00bbfalse\u00a0\u00bb animation_speed=\u00a0\u00bb2000&Prime; show_large=\u00a0\u00bbtrue\u00a0\u00bb show_medium=\u00a0\u00bbtrue\u00a0\u00bb show_small=\u00a0\u00bbtrue\u00a0\u00bb show_extra=\u00a0\u00bbtrue\u00a0\u00bb show_remove=\u00a0\u00bbtrue\u00a0\u00bb el_class=\u00a0\u00bbrow-eq-height\u00a0\u00bb][vc_column css=\u00a0\u00bb.vc_custom_1659113074397{background-image: url(https:\/\/catedraldelvi.com\/wp-content\/uploads\/2022\/07\/celler-modernista-vinos-torreo-india-gamberro-catedral-del-vi-pinel-de-brai-enoturisme.jpg?id=15004) !important;background-position: center !important;background-repeat: no-repeat !important;background-size: cover !important;}\u00a0\u00bb animation_scroll=\u00a0\u00bbfalse\u00a0\u00bb animation_speed=\u00a0\u00bb2000&Prime; offset=\u00a0\u00bbvc_col-lg-8 vc_col-xs-12&Prime;][vc_empty_space height=\u00a0\u00bb600px\u00a0\u00bb][\/vc_column][vc_column style=\u00a0\u00bbcolumn-style-2&Prime; css=\u00a0\u00bb.vc_custom_1504130198936{padding-right: 6% !important;padding-left: 8% !important;background-position: 0 0 !important;background-repeat: no-repeat !important;}\u00a0\u00bb el_class=\u00a0\u00bbvertical-align\u00a0\u00bb offset=\u00a0\u00bbvc_col-lg-4 vc_col-xs-12&Prime;][vc_column_text css_animation=\u00a0\u00bbtop-to-bottom\u00a0\u00bb css=\u00a0\u00bb.vc_custom_1633694484686{padding-bottom: 35px !important;}\u00a0\u00bb]<\/p>\n<h2 class=\"style1\">Modernista Celler<\/h2>\n<p>Modernista Celler est le fruit de la passion pour la restauration et le monde du vin des fr\u00e8res L\u00f3pez Gilabert. La Cath\u00e9drale du vin est le centre n\u00e9vralgique de ce projet familial qui a vu le jour en 2010.[\/vc_column_text][\/vc_column][\/vc_row]<\/p>\n","protected":false},"excerpt":{"rendered":"<p>[vc_row css=\u00a0\u00bb.vc_custom_1504090061096{margin-top: 4% !important;margin-bottom: 4% !important;}\u00a0\u00bb][vc_column width=\u00a0\u00bb1\/2&Prime;][cl_heading title=\u00a0\u00bbGrenaches du Monde\u00a0\u00bb style=\u00a0\u00bbsingle-line\u00a0\u00bb][vc_column_text][cl_teaser color=\u00a0\u00bb#444444&Prime;]Grenaches du Monde est un prestigieux concours international au cours duquel sont \u00e9valu\u00e9s les diff\u00e9rents types de grenache du monde entier.[\/cl_teaser] [cl_teaser color=\u00a0\u00bb#444444&Prime;]\u2713 Gold Metal 2014 pour L&rsquo;Indi\u00e0 Blanc 2014. \u2713 Bronze Medal 2018 pour L&rsquo;Indi\u00e0 Blanc 2016. \u2713 Gold Medal 2017 pour Gamberro [&hellip;]<\/p>\n","protected":false},"author":1,"featured_media":3502,"parent":0,"menu_order":0,"comment_status":"closed","ping_status":"closed","template":"","meta":{"footnotes":""},"class_list":["post-3501","page","type-page","status-publish","has-post-thumbnail","hentry"],"yoast_head":"<!-- This site is optimized with the Yoast SEO plugin v26.9 - https:\/\/yoast.com\/product\/yoast-seo-wordpress\/ -->\n<title>Distinctions - Pagos de H\u00edbera - Catedral del Vi<\/title>\n<meta name=\"description\" content=\"Pagos de H\u00edbera a des distinctions telles que la M\u00e9daille d&#039;Or des Grenaches du Monde, le Vinari de Plata o le grand prix du vin rouge de l&#039;AOC Terra Alta.\" \/>\n<meta name=\"robots\" content=\"index, follow, max-snippet:-1, max-image-preview:large, max-video-preview:-1\" \/>\n<link rel=\"canonical\" href=\"https:\/\/catedraldelvi.com\/fr\/modernista-celler__trashed\/distinctions\/\" \/>\n<meta property=\"og:locale\" content=\"fr_FR\" \/>\n<meta property=\"og:type\" content=\"article\" \/>\n<meta property=\"og:title\" content=\"Distinctions - Pagos de H\u00edbera - Catedral del Vi\" \/>\n<meta property=\"og:description\" content=\"Pagos de H\u00edbera a des distinctions telles que la M\u00e9daille d&#039;Or des Grenaches du Monde, le Vinari de Plata o le grand prix du vin rouge de l&#039;AOC Terra Alta.\" \/>\n<meta property=\"og:url\" content=\"https:\/\/catedraldelvi.com\/fr\/modernista-celler__trashed\/distinctions\/\" \/>\n<meta property=\"og:site_name\" content=\"Catedral del Vi - Modernista Celler\" \/>\n<meta property=\"article:publisher\" content=\"https:\/\/www.facebook.com\/catedraldelvi\/\" \/>\n<meta property=\"article:modified_time\" content=\"2022-07-29T16:45:26+00:00\" \/>\n<meta property=\"og:image\" content=\"https:\/\/catedraldelvi.com\/wp-content\/uploads\/2016\/05\/catedral-del-vi-pagos-de-hibera-reconocimientos-reconeixements.jpg\" \/>\n\t<meta property=\"og:image:width\" content=\"2000\" \/>\n\t<meta property=\"og:image:height\" content=\"1066\" \/>\n\t<meta property=\"og:image:type\" content=\"image\/jpeg\" \/>\n<meta name=\"twitter:card\" content=\"summary_large_image\" \/>\n<meta name=\"twitter:site\" content=\"@pagosdehibera\" \/>\n<meta name=\"twitter:label1\" content=\"Dur\u00e9e de lecture estim\u00e9e\" \/>\n\t<meta name=\"twitter:data1\" content=\"2 minutes\" \/>\n<script type=\"application\/ld+json\" class=\"yoast-schema-graph\">{\"@context\":\"https:\/\/schema.org\",\"@graph\":[{\"@type\":\"WebPage\",\"@id\":\"https:\/\/catedraldelvi.com\/fr\/modernista-celler__trashed\/distinctions\/\",\"url\":\"https:\/\/catedraldelvi.com\/fr\/modernista-celler__trashed\/distinctions\/\",\"name\":\"Distinctions - Pagos de H\u00edbera - Catedral del Vi\",\"isPartOf\":{\"@id\":\"https:\/\/catedraldelvi.com\/#website\"},\"primaryImageOfPage\":{\"@id\":\"https:\/\/catedraldelvi.com\/fr\/modernista-celler__trashed\/distinctions\/#primaryimage\"},\"image\":{\"@id\":\"https:\/\/catedraldelvi.com\/fr\/modernista-celler__trashed\/distinctions\/#primaryimage\"},\"thumbnailUrl\":\"https:\/\/catedraldelvi.com\/wp-content\/uploads\/2016\/05\/catedral-del-vi-pagos-de-hibera-reconocimientos-reconeixements.jpg\",\"datePublished\":\"2016-05-10T01:48:21+00:00\",\"dateModified\":\"2022-07-29T16:45:26+00:00\",\"description\":\"Pagos de H\u00edbera a des distinctions telles que la M\u00e9daille d'Or des Grenaches du Monde, le Vinari de Plata o le grand prix du vin rouge de l'AOC Terra Alta.\",\"breadcrumb\":{\"@id\":\"https:\/\/catedraldelvi.com\/fr\/modernista-celler__trashed\/distinctions\/#breadcrumb\"},\"inLanguage\":\"fr-FR\",\"potentialAction\":[{\"@type\":\"ReadAction\",\"target\":[\"https:\/\/catedraldelvi.com\/fr\/modernista-celler__trashed\/distinctions\/\"]}]},{\"@type\":\"ImageObject\",\"inLanguage\":\"fr-FR\",\"@id\":\"https:\/\/catedraldelvi.com\/fr\/modernista-celler__trashed\/distinctions\/#primaryimage\",\"url\":\"https:\/\/catedraldelvi.com\/wp-content\/uploads\/2016\/05\/catedral-del-vi-pagos-de-hibera-reconocimientos-reconeixements.jpg\",\"contentUrl\":\"https:\/\/catedraldelvi.com\/wp-content\/uploads\/2016\/05\/catedral-del-vi-pagos-de-hibera-reconocimientos-reconeixements.jpg\",\"width\":2000,\"height\":1066},{\"@type\":\"BreadcrumbList\",\"@id\":\"https:\/\/catedraldelvi.com\/fr\/modernista-celler__trashed\/distinctions\/#breadcrumb\",\"itemListElement\":[{\"@type\":\"ListItem\",\"position\":1,\"name\":\"Inici\",\"item\":\"https:\/\/catedraldelvi.com\/fr\/\"},{\"@type\":\"ListItem\",\"position\":2,\"name\":\"Distinctions\"}]},{\"@type\":\"WebSite\",\"@id\":\"https:\/\/catedraldelvi.com\/#website\",\"url\":\"https:\/\/catedraldelvi.com\/\",\"name\":\"Catedral del Vi - Modernista Celler\",\"description\":\"Catedral del Vi - Modernista Celler is the modernist winery of Villa Retiro Grup\",\"publisher\":{\"@id\":\"https:\/\/catedraldelvi.com\/#organization\"},\"potentialAction\":[{\"@type\":\"SearchAction\",\"target\":{\"@type\":\"EntryPoint\",\"urlTemplate\":\"https:\/\/catedraldelvi.com\/?s={search_term_string}\"},\"query-input\":{\"@type\":\"PropertyValueSpecification\",\"valueRequired\":true,\"valueName\":\"search_term_string\"}}],\"inLanguage\":\"fr-FR\"},{\"@type\":\"Organization\",\"@id\":\"https:\/\/catedraldelvi.com\/#organization\",\"name\":\"Catedral del Vi - Modernista Celler\",\"url\":\"https:\/\/catedraldelvi.com\/\",\"logo\":{\"@type\":\"ImageObject\",\"inLanguage\":\"fr-FR\",\"@id\":\"https:\/\/catedraldelvi.com\/#\/schema\/logo\/image\/\",\"url\":\"https:\/\/catedraldelvi.com\/wp-content\/uploads\/2021\/10\/pagos-de-hibera-catedral-del-vi-logo-2.svg\",\"contentUrl\":\"https:\/\/catedraldelvi.com\/wp-content\/uploads\/2021\/10\/pagos-de-hibera-catedral-del-vi-logo-2.svg\",\"width\":440,\"height\":208,\"caption\":\"Catedral del Vi - Modernista Celler\"},\"image\":{\"@id\":\"https:\/\/catedraldelvi.com\/#\/schema\/logo\/image\/\"},\"sameAs\":[\"https:\/\/www.facebook.com\/catedraldelvi\/\",\"https:\/\/x.com\/pagosdehibera\",\"https:\/\/www.youtube.com\/channel\/UCCKuius4oW8nubXqIQUQ3aw\"]}]}<\/script>\n<!-- \/ Yoast SEO plugin. -->","yoast_head_json":{"title":"Distinctions - Pagos de H\u00edbera - Catedral del Vi","description":"Pagos de H\u00edbera a des distinctions telles que la M\u00e9daille d'Or des Grenaches du Monde, le Vinari de Plata o le grand prix du vin rouge de l'AOC Terra Alta.","robots":{"index":"index","follow":"follow","max-snippet":"max-snippet:-1","max-image-preview":"max-image-preview:large","max-video-preview":"max-video-preview:-1"},"canonical":"https:\/\/catedraldelvi.com\/fr\/modernista-celler__trashed\/distinctions\/","og_locale":"fr_FR","og_type":"article","og_title":"Distinctions - Pagos de H\u00edbera - Catedral del Vi","og_description":"Pagos de H\u00edbera a des distinctions telles que la M\u00e9daille d'Or des Grenaches du Monde, le Vinari de Plata o le grand prix du vin rouge de l'AOC Terra Alta.","og_url":"https:\/\/catedraldelvi.com\/fr\/modernista-celler__trashed\/distinctions\/","og_site_name":"Catedral del Vi - Modernista Celler","article_publisher":"https:\/\/www.facebook.com\/catedraldelvi\/","article_modified_time":"2022-07-29T16:45:26+00:00","og_image":[{"width":2000,"height":1066,"url":"https:\/\/catedraldelvi.com\/wp-content\/uploads\/2016\/05\/catedral-del-vi-pagos-de-hibera-reconocimientos-reconeixements.jpg","type":"image\/jpeg"}],"twitter_card":"summary_large_image","twitter_site":"@pagosdehibera","twitter_misc":{"Dur\u00e9e de lecture estim\u00e9e":"2 minutes"},"schema":{"@context":"https:\/\/schema.org","@graph":[{"@type":"WebPage","@id":"https:\/\/catedraldelvi.com\/fr\/modernista-celler__trashed\/distinctions\/","url":"https:\/\/catedraldelvi.com\/fr\/modernista-celler__trashed\/distinctions\/","name":"Distinctions - Pagos de H\u00edbera - Catedral del Vi","isPartOf":{"@id":"https:\/\/catedraldelvi.com\/#website"},"primaryImageOfPage":{"@id":"https:\/\/catedraldelvi.com\/fr\/modernista-celler__trashed\/distinctions\/#primaryimage"},"image":{"@id":"https:\/\/catedraldelvi.com\/fr\/modernista-celler__trashed\/distinctions\/#primaryimage"},"thumbnailUrl":"https:\/\/catedraldelvi.com\/wp-content\/uploads\/2016\/05\/catedral-del-vi-pagos-de-hibera-reconocimientos-reconeixements.jpg","datePublished":"2016-05-10T01:48:21+00:00","dateModified":"2022-07-29T16:45:26+00:00","description":"Pagos de H\u00edbera a des distinctions telles que la M\u00e9daille d'Or des Grenaches du Monde, le Vinari de Plata o le grand prix du vin rouge de l'AOC Terra Alta.","breadcrumb":{"@id":"https:\/\/catedraldelvi.com\/fr\/modernista-celler__trashed\/distinctions\/#breadcrumb"},"inLanguage":"fr-FR","potentialAction":[{"@type":"ReadAction","target":["https:\/\/catedraldelvi.com\/fr\/modernista-celler__trashed\/distinctions\/"]}]},{"@type":"ImageObject","inLanguage":"fr-FR","@id":"https:\/\/catedraldelvi.com\/fr\/modernista-celler__trashed\/distinctions\/#primaryimage","url":"https:\/\/catedraldelvi.com\/wp-content\/uploads\/2016\/05\/catedral-del-vi-pagos-de-hibera-reconocimientos-reconeixements.jpg","contentUrl":"https:\/\/catedraldelvi.com\/wp-content\/uploads\/2016\/05\/catedral-del-vi-pagos-de-hibera-reconocimientos-reconeixements.jpg","width":2000,"height":1066},{"@type":"BreadcrumbList","@id":"https:\/\/catedraldelvi.com\/fr\/modernista-celler__trashed\/distinctions\/#breadcrumb","itemListElement":[{"@type":"ListItem","position":1,"name":"Inici","item":"https:\/\/catedraldelvi.com\/fr\/"},{"@type":"ListItem","position":2,"name":"Distinctions"}]},{"@type":"WebSite","@id":"https:\/\/catedraldelvi.com\/#website","url":"https:\/\/catedraldelvi.com\/","name":"Catedral del Vi - Modernista Celler","description":"Catedral del Vi - Modernista Celler is the modernist winery of Villa Retiro Grup","publisher":{"@id":"https:\/\/catedraldelvi.com\/#organization"},"potentialAction":[{"@type":"SearchAction","target":{"@type":"EntryPoint","urlTemplate":"https:\/\/catedraldelvi.com\/?s={search_term_string}"},"query-input":{"@type":"PropertyValueSpecification","valueRequired":true,"valueName":"search_term_string"}}],"inLanguage":"fr-FR"},{"@type":"Organization","@id":"https:\/\/catedraldelvi.com\/#organization","name":"Catedral del Vi - Modernista Celler","url":"https:\/\/catedraldelvi.com\/","logo":{"@type":"ImageObject","inLanguage":"fr-FR","@id":"https:\/\/catedraldelvi.com\/#\/schema\/logo\/image\/","url":"https:\/\/catedraldelvi.com\/wp-content\/uploads\/2021\/10\/pagos-de-hibera-catedral-del-vi-logo-2.svg","contentUrl":"https:\/\/catedraldelvi.com\/wp-content\/uploads\/2021\/10\/pagos-de-hibera-catedral-del-vi-logo-2.svg","width":440,"height":208,"caption":"Catedral del Vi - Modernista Celler"},"image":{"@id":"https:\/\/catedraldelvi.com\/#\/schema\/logo\/image\/"},"sameAs":["https:\/\/www.facebook.com\/catedraldelvi\/","https:\/\/x.com\/pagosdehibera","https:\/\/www.youtube.com\/channel\/UCCKuius4oW8nubXqIQUQ3aw"]}]}},"_links":{"self":[{"href":"https:\/\/catedraldelvi.com\/fr\/wp-json\/wp\/v2\/pages\/3501","targetHints":{"allow":["GET"]}}],"collection":[{"href":"https:\/\/catedraldelvi.com\/fr\/wp-json\/wp\/v2\/pages"}],"about":[{"href":"https:\/\/catedraldelvi.com\/fr\/wp-json\/wp\/v2\/types\/page"}],"author":[{"embeddable":true,"href":"https:\/\/catedraldelvi.com\/fr\/wp-json\/wp\/v2\/users\/1"}],"replies":[{"embeddable":true,"href":"https:\/\/catedraldelvi.com\/fr\/wp-json\/wp\/v2\/comments?post=3501"}],"version-history":[{"count":0,"href":"https:\/\/catedraldelvi.com\/fr\/wp-json\/wp\/v2\/pages\/3501\/revisions"}],"wp:featuredmedia":[{"embeddable":true,"href":"https:\/\/catedraldelvi.com\/fr\/wp-json\/wp\/v2\/media\/3502"}],"wp:attachment":[{"href":"https:\/\/catedraldelvi.com\/fr\/wp-json\/wp\/v2\/media?parent=3501"}],"curies":[{"name":"wp","href":"https:\/\/api.w.org\/{rel}","templated":true}]}}