{"id":25634,"date":"2020-05-27T13:47:37","date_gmt":"2020-05-27T11:47:37","guid":{"rendered":"https:\/\/catedraldelvi.com\/botiga\/"},"modified":"2025-11-07T13:57:51","modified_gmt":"2025-11-07T12:57:51","slug":"boutique","status":"publish","type":"page","link":"https:\/\/catedraldelvi.com\/fr\/boutique\/","title":{"rendered":"Boutique"},"content":{"rendered":"<style>.elementor-25634 .elementor-element.elementor-element-1a3aac2e{--display:flex;--padding-top:5%;--padding-bottom:0%;--padding-left:0%;--padding-right:0%;}.elementor-widget-text-editor{font-family:var( --e-global-typography-text-font-family ), Sans-serif;font-size:var( --e-global-typography-text-font-size );font-weight:var( --e-global-typography-text-font-weight );color:var( --e-global-color-text );}.elementor-widget-text-editor.elementor-drop-cap-view-stacked .elementor-drop-cap{background-color:var( --e-global-color-primary );}.elementor-widget-text-editor.elementor-drop-cap-view-framed .elementor-drop-cap, .elementor-widget-text-editor.elementor-drop-cap-view-default .elementor-drop-cap{color:var( --e-global-color-primary );border-color:var( --e-global-color-primary );}.elementor-25634 .elementor-element.elementor-element-593b5624{font-family:\"PP Editorial\", Sans-serif;font-size:16px;font-weight:300;}.elementor-25634 .elementor-element.elementor-element-036d5d5{--display:flex;--flex-direction:column;--container-widget-width:100%;--container-widget-height:initial;--container-widget-flex-grow:0;--container-widget-align-self:initial;--flex-wrap-mobile:wrap;--justify-content:center;--margin-top:2%;--margin-bottom:0%;--margin-left:0%;--margin-right:0%;--padding-top:5%;--padding-bottom:5%;--padding-left:0%;--padding-right:0%;}.elementor-25634 .elementor-element.elementor-element-036d5d5:not(.elementor-motion-effects-element-type-background), .elementor-25634 .elementor-element.elementor-element-036d5d5 > .elementor-motion-effects-container > .elementor-motion-effects-layer{background-color:#E9E0D0;}.elementor-25634 .elementor-element.elementor-element-036d5d5.e-con{--align-self:center;}.elementor-25634 .elementor-element.elementor-element-d03ed1a{text-align:justify;font-family:\"PP Editorial\", Sans-serif;font-weight:300;}.elementor-widget-woocommerce-products.elementor-wc-products ul.products li.product .woocommerce-loop-product__title{color:var( --e-global-color-primary );}.elementor-widget-woocommerce-products.elementor-wc-products ul.products li.product .woocommerce-loop-category__title{color:var( --e-global-color-primary );}.elementor-widget-woocommerce-products.elementor-wc-products ul.products li.product .woocommerce-loop-product__title, .elementor-widget-woocommerce-products.elementor-wc-products ul.products li.product .woocommerce-loop-category__title{font-family:var( --e-global-typography-primary-font-family ), Sans-serif;font-weight:var( --e-global-typography-primary-font-weight );}.elementor-widget-woocommerce-products.elementor-wc-products ul.products li.product .price{color:var( --e-global-color-primary );font-family:var( --e-global-typography-primary-font-family ), Sans-serif;font-weight:var( --e-global-typography-primary-font-weight );}.elementor-widget-woocommerce-products.elementor-wc-products ul.products li.product .price ins{color:var( --e-global-color-primary );}.elementor-widget-woocommerce-products.elementor-wc-products ul.products li.product .price ins .amount{color:var( --e-global-color-primary );}.elementor-widget-woocommerce-products.elementor-wc-products ul.products li.product .price del{color:var( --e-global-color-primary );}.elementor-widget-woocommerce-products.elementor-wc-products ul.products li.product .price del .amount{color:var( --e-global-color-primary );}.elementor-widget-woocommerce-products.elementor-wc-products ul.products li.product .price del {font-family:var( --e-global-typography-primary-font-family ), Sans-serif;font-weight:var( --e-global-typography-primary-font-weight );}.elementor-widget-woocommerce-products.elementor-wc-products ul.products li.product .button{font-family:var( --e-global-typography-accent-font-family ), Sans-serif;font-weight:var( --e-global-typography-accent-font-weight );}.elementor-widget-woocommerce-products.elementor-wc-products .added_to_cart{font-family:var( --e-global-typography-accent-font-family ), Sans-serif;font-weight:var( --e-global-typography-accent-font-weight );}.elementor-widget-woocommerce-products{--products-title-color:var( --e-global-color-primary );}.elementor-widget-woocommerce-products.products-heading-show .related-products > h2, .elementor-widget-woocommerce-products.products-heading-show .upsells > h2, .elementor-widget-woocommerce-products.products-heading-show .cross-sells > h2{font-family:var( --e-global-typography-primary-font-family ), Sans-serif;font-weight:var( --e-global-typography-primary-font-weight );}.elementor-25634 .elementor-element.elementor-element-21ad8c6.elementor-wc-products  ul.products{grid-column-gap:20px;grid-row-gap:40px;}.elementor-25634 .elementor-element.elementor-element-21ad8c6.elementor-wc-products ul.products li.product span.onsale{display:block;}:root{--page-title-display:none;}@media(min-width:768px){.elementor-25634 .elementor-element.elementor-element-036d5d5{--content-width:1008px;}}@media(max-width:1024px){.elementor-widget-text-editor{font-size:var( --e-global-typography-text-font-size );}.elementor-25634 .elementor-element.elementor-element-21ad8c6.elementor-wc-products  ul.products{grid-column-gap:20px;grid-row-gap:40px;}}@media(max-width:767px){.elementor-widget-text-editor{font-size:var( --e-global-typography-text-font-size );}.elementor-25634 .elementor-element.elementor-element-036d5d5{--padding-top:0px;--padding-bottom:0px;--padding-left:0px;--padding-right:3px;}.elementor-25634 .elementor-element.elementor-element-d03ed1a{padding:5% 5% 0% 5%;}.elementor-25634 .elementor-element.elementor-element-21ad8c6.elementor-wc-products  ul.products{grid-column-gap:20px;grid-row-gap:40px;}.elementor-25634 .elementor-element.elementor-element-21ad8c6 > .elementor-widget-container{padding:3% 3% 3% 3%;}}\/* Start Custom Fonts CSS *\/@font-face {\n\tfont-family: 'PP Editorial';\n\tfont-style: normal;\n\tfont-weight: normal;\n\tfont-display: auto;\n\tsrc: url('https:\/\/catedraldelvi.com\/wp-content\/uploads\/2025\/10\/PPEditorialSans-Medium-BF66ff576b62ed5.woff2') format('woff2');\n}\n@font-face {\n\tfont-family: 'PP Editorial';\n\tfont-style: normal;\n\tfont-weight: 300;\n\tfont-display: auto;\n\tsrc: url('https:\/\/catedraldelvi.com\/wp-content\/uploads\/2025\/10\/PPEditorialSans-Ultralight-BF66ff576bb67b7.woff2') format('woff2');\n}\n\/* End Custom Fonts CSS *\/<\/style>\t\t<div data-elementor-type=\"wp-page\" data-elementor-id=\"25634\" class=\"elementor elementor-25634 elementor-9577\" data-elementor-post-type=\"page\">\n\t\t\t\t<div class=\"elementor-element elementor-element-1a3aac2e e-flex e-con-boxed e-con e-parent\" data-id=\"1a3aac2e\" data-element_type=\"container\" data-e-type=\"container\">\n\t\t\t\t\t<div class=\"e-con-inner\">\n\t\t\t\t<div class=\"elementor-element elementor-element-593b5624 elementor-widget elementor-widget-text-editor\" data-id=\"593b5624\" data-element_type=\"widget\" data-e-type=\"widget\" data-widget_type=\"text-editor.default\">\n\t\t\t\t\t\t\t\t\t<h2 style=\"text-align: center; font-size: 57px;\">Boutique<\/h2><p style=\"text-align: center;\">Bienvenue dans la boutique en ligne de Modernista Celler. Vous y trouverez toute notre collection de vins, \u00e9labor\u00e9s avec l\u2019authenticit\u00e9 de la D.O. Terra Alta.<br \/>Passez votre commande et recevez nos vins dans le confort de votre foyer.<br \/>Profitez-en\u00a0!<\/p>\t\t\t\t\t\t\t\t<\/div>\n\t\t\t\t\t<\/div>\n\t\t\t\t<\/div>\n\t\t<div class=\"elementor-element elementor-element-036d5d5 e-flex e-con-boxed e-con e-parent\" data-id=\"036d5d5\" data-element_type=\"container\" data-e-type=\"container\" data-settings=\"{&quot;background_background&quot;:&quot;classic&quot;,&quot;motion_fx_motion_fx_scrolling&quot;:&quot;yes&quot;,&quot;motion_fx_devices&quot;:[&quot;desktop&quot;,&quot;tablet&quot;,&quot;mobile&quot;]}\">\n\t\t\t\t\t<div class=\"e-con-inner\">\n\t\t\t\t<div class=\"elementor-element elementor-element-d03ed1a elementor-widget elementor-widget-text-editor\" data-id=\"d03ed1a\" data-element_type=\"widget\" data-e-type=\"widget\" data-widget_type=\"text-editor.default\">\n\t\t\t\t\t\t\t\t\t<p>Les vins sont vendus en caisses de 6\u00a0bouteilles et l\u2019huile en caisses de 3\u00a0bidons de 5\u00a0litres.<br \/>Le prix inclut d\u00e9j\u00e0 la TVA, l\u2019emballage et le transport.<br \/>Actuellement, nous livrons uniquement \u00e0 des adresses situ\u00e9es sur la p\u00e9ninsule.<br \/>Aucune livraison n\u2019est effectu\u00e9e vers Ceuta, Melilla, les \u00eeles Bal\u00e9ares ou les Canaries, ni \u00e0 l\u2019\u00e9tranger.<\/p>\t\t\t\t\t\t\t\t<\/div>\n\t\t\t\t\t<\/div>\n\t\t\t\t<\/div>\n\t\t\t\t<\/div>\n\t\t","protected":false},"excerpt":{"rendered":"<p>Bienvenue dans la boutique en ligne de Modernista Celler. Vous y trouverez toute notre collection de vins, \u00e9labor\u00e9s avec l\u2019authenticit\u00e9 de la D.O. Terra Alta.<br \/>\nPassez votre commande et recevez nos vins dans le confort de votre foyer.<br \/>\nProfitez-en\u00a0!<\/p>\n","protected":false},"author":1,"featured_media":0,"parent":0,"menu_order":0,"comment_status":"closed","ping_status":"closed","template":"elementor_header_footer","meta":{"footnotes":""},"class_list":["post-25634","page","type-page","status-publish","hentry"],"yoast_head":"<!-- This site is optimized with the Yoast SEO plugin v26.9 - https:\/\/yoast.com\/product\/yoast-seo-wordpress\/ -->\n<title>Boutique - Catedral del Vi - Modernista Celler<\/title>\n<meta name=\"description\" content=\"Bienvenue dans la boutique en ligne de Modernista Celler. Vous y trouverez toute notre collection de vins, \u00e9labor\u00e9s avec l\u2019authenticit\u00e9 de la D.O. Terra Alta.Passez votre commande et recevez nos vins dans le confort de votre foyer.Profitez-en\u00a0!\" \/>\n<meta name=\"robots\" content=\"index, follow, max-snippet:-1, max-image-preview:large, max-video-preview:-1\" \/>\n<link rel=\"canonical\" href=\"https:\/\/catedraldelvi.com\/fr\/boutique\/\" \/>\n<meta property=\"og:locale\" content=\"fr_FR\" \/>\n<meta property=\"og:type\" content=\"article\" \/>\n<meta property=\"og:title\" content=\"Boutique - Catedral del Vi - Modernista Celler\" \/>\n<meta property=\"og:description\" content=\"Bienvenue dans la boutique en ligne de Modernista Celler. Vous y trouverez toute notre collection de vins, \u00e9labor\u00e9s avec l\u2019authenticit\u00e9 de la D.O. Terra Alta.Passez votre commande et recevez nos vins dans le confort de votre foyer.Profitez-en\u00a0!\" \/>\n<meta property=\"og:url\" content=\"https:\/\/catedraldelvi.com\/fr\/boutique\/\" \/>\n<meta property=\"og:site_name\" content=\"Catedral del Vi - Modernista Celler\" \/>\n<meta property=\"article:publisher\" content=\"https:\/\/www.facebook.com\/catedraldelvi\/\" \/>\n<meta property=\"article:modified_time\" content=\"2025-11-07T12:57:51+00:00\" \/>\n<meta name=\"twitter:card\" content=\"summary_large_image\" \/>\n<meta name=\"twitter:site\" content=\"@pagosdehibera\" \/>\n<meta name=\"twitter:label1\" content=\"Dur\u00e9e de lecture estim\u00e9e\" \/>\n\t<meta name=\"twitter:data1\" content=\"2 minutes\" \/>\n<script type=\"application\/ld+json\" class=\"yoast-schema-graph\">{\"@context\":\"https:\/\/schema.org\",\"@graph\":[{\"@type\":\"WebPage\",\"@id\":\"https:\/\/catedraldelvi.com\/fr\/boutique\/\",\"url\":\"https:\/\/catedraldelvi.com\/fr\/boutique\/\",\"name\":\"Boutique - Catedral del Vi - Modernista Celler\",\"isPartOf\":{\"@id\":\"https:\/\/catedraldelvi.com\/#website\"},\"datePublished\":\"2020-05-27T11:47:37+00:00\",\"dateModified\":\"2025-11-07T12:57:51+00:00\",\"description\":\"Bienvenue dans la boutique en ligne de Modernista Celler. Vous y trouverez toute notre collection de vins, \u00e9labor\u00e9s avec l\u2019authenticit\u00e9 de la D.O. Terra Alta.Passez votre commande et recevez nos vins dans le confort de votre foyer.Profitez-en\u00a0!\",\"breadcrumb\":{\"@id\":\"https:\/\/catedraldelvi.com\/fr\/boutique\/#breadcrumb\"},\"inLanguage\":\"fr-FR\",\"potentialAction\":[{\"@type\":\"ReadAction\",\"target\":[\"https:\/\/catedraldelvi.com\/fr\/boutique\/\"]}]},{\"@type\":\"BreadcrumbList\",\"@id\":\"https:\/\/catedraldelvi.com\/fr\/boutique\/#breadcrumb\",\"itemListElement\":[{\"@type\":\"ListItem\",\"position\":1,\"name\":\"Inici\",\"item\":\"https:\/\/catedraldelvi.com\/fr\/\"},{\"@type\":\"ListItem\",\"position\":2,\"name\":\"Boutique\"}]},{\"@type\":\"WebSite\",\"@id\":\"https:\/\/catedraldelvi.com\/#website\",\"url\":\"https:\/\/catedraldelvi.com\/\",\"name\":\"Catedral del Vi - Modernista Celler\",\"description\":\"Catedral del Vi - Modernista Celler is the modernist winery of Villa Retiro Grup\",\"publisher\":{\"@id\":\"https:\/\/catedraldelvi.com\/#organization\"},\"potentialAction\":[{\"@type\":\"SearchAction\",\"target\":{\"@type\":\"EntryPoint\",\"urlTemplate\":\"https:\/\/catedraldelvi.com\/?s={search_term_string}\"},\"query-input\":{\"@type\":\"PropertyValueSpecification\",\"valueRequired\":true,\"valueName\":\"search_term_string\"}}],\"inLanguage\":\"fr-FR\"},{\"@type\":\"Organization\",\"@id\":\"https:\/\/catedraldelvi.com\/#organization\",\"name\":\"Catedral del Vi - Modernista Celler\",\"url\":\"https:\/\/catedraldelvi.com\/\",\"logo\":{\"@type\":\"ImageObject\",\"inLanguage\":\"fr-FR\",\"@id\":\"https:\/\/catedraldelvi.com\/#\/schema\/logo\/image\/\",\"url\":\"https:\/\/catedraldelvi.com\/wp-content\/uploads\/2021\/10\/pagos-de-hibera-catedral-del-vi-logo-2.svg\",\"contentUrl\":\"https:\/\/catedraldelvi.com\/wp-content\/uploads\/2021\/10\/pagos-de-hibera-catedral-del-vi-logo-2.svg\",\"width\":440,\"height\":208,\"caption\":\"Catedral del Vi - Modernista Celler\"},\"image\":{\"@id\":\"https:\/\/catedraldelvi.com\/#\/schema\/logo\/image\/\"},\"sameAs\":[\"https:\/\/www.facebook.com\/catedraldelvi\/\",\"https:\/\/x.com\/pagosdehibera\",\"https:\/\/www.youtube.com\/channel\/UCCKuius4oW8nubXqIQUQ3aw\"]}]}<\/script>\n<!-- \/ Yoast SEO plugin. -->","yoast_head_json":{"title":"Boutique - Catedral del Vi - Modernista Celler","description":"Bienvenue dans la boutique en ligne de Modernista Celler. Vous y trouverez toute notre collection de vins, \u00e9labor\u00e9s avec l\u2019authenticit\u00e9 de la D.O. Terra Alta.Passez votre commande et recevez nos vins dans le confort de votre foyer.Profitez-en\u00a0!","robots":{"index":"index","follow":"follow","max-snippet":"max-snippet:-1","max-image-preview":"max-image-preview:large","max-video-preview":"max-video-preview:-1"},"canonical":"https:\/\/catedraldelvi.com\/fr\/boutique\/","og_locale":"fr_FR","og_type":"article","og_title":"Boutique - Catedral del Vi - Modernista Celler","og_description":"Bienvenue dans la boutique en ligne de Modernista Celler. Vous y trouverez toute notre collection de vins, \u00e9labor\u00e9s avec l\u2019authenticit\u00e9 de la D.O. Terra Alta.Passez votre commande et recevez nos vins dans le confort de votre foyer.Profitez-en\u00a0!","og_url":"https:\/\/catedraldelvi.com\/fr\/boutique\/","og_site_name":"Catedral del Vi - Modernista Celler","article_publisher":"https:\/\/www.facebook.com\/catedraldelvi\/","article_modified_time":"2025-11-07T12:57:51+00:00","twitter_card":"summary_large_image","twitter_site":"@pagosdehibera","twitter_misc":{"Dur\u00e9e de lecture estim\u00e9e":"2 minutes"},"schema":{"@context":"https:\/\/schema.org","@graph":[{"@type":"WebPage","@id":"https:\/\/catedraldelvi.com\/fr\/boutique\/","url":"https:\/\/catedraldelvi.com\/fr\/boutique\/","name":"Boutique - Catedral del Vi - Modernista Celler","isPartOf":{"@id":"https:\/\/catedraldelvi.com\/#website"},"datePublished":"2020-05-27T11:47:37+00:00","dateModified":"2025-11-07T12:57:51+00:00","description":"Bienvenue dans la boutique en ligne de Modernista Celler. Vous y trouverez toute notre collection de vins, \u00e9labor\u00e9s avec l\u2019authenticit\u00e9 de la D.O. Terra Alta.Passez votre commande et recevez nos vins dans le confort de votre foyer.Profitez-en\u00a0!","breadcrumb":{"@id":"https:\/\/catedraldelvi.com\/fr\/boutique\/#breadcrumb"},"inLanguage":"fr-FR","potentialAction":[{"@type":"ReadAction","target":["https:\/\/catedraldelvi.com\/fr\/boutique\/"]}]},{"@type":"BreadcrumbList","@id":"https:\/\/catedraldelvi.com\/fr\/boutique\/#breadcrumb","itemListElement":[{"@type":"ListItem","position":1,"name":"Inici","item":"https:\/\/catedraldelvi.com\/fr\/"},{"@type":"ListItem","position":2,"name":"Boutique"}]},{"@type":"WebSite","@id":"https:\/\/catedraldelvi.com\/#website","url":"https:\/\/catedraldelvi.com\/","name":"Catedral del Vi - Modernista Celler","description":"Catedral del Vi - Modernista Celler is the modernist winery of Villa Retiro Grup","publisher":{"@id":"https:\/\/catedraldelvi.com\/#organization"},"potentialAction":[{"@type":"SearchAction","target":{"@type":"EntryPoint","urlTemplate":"https:\/\/catedraldelvi.com\/?s={search_term_string}"},"query-input":{"@type":"PropertyValueSpecification","valueRequired":true,"valueName":"search_term_string"}}],"inLanguage":"fr-FR"},{"@type":"Organization","@id":"https:\/\/catedraldelvi.com\/#organization","name":"Catedral del Vi - Modernista Celler","url":"https:\/\/catedraldelvi.com\/","logo":{"@type":"ImageObject","inLanguage":"fr-FR","@id":"https:\/\/catedraldelvi.com\/#\/schema\/logo\/image\/","url":"https:\/\/catedraldelvi.com\/wp-content\/uploads\/2021\/10\/pagos-de-hibera-catedral-del-vi-logo-2.svg","contentUrl":"https:\/\/catedraldelvi.com\/wp-content\/uploads\/2021\/10\/pagos-de-hibera-catedral-del-vi-logo-2.svg","width":440,"height":208,"caption":"Catedral del Vi - Modernista Celler"},"image":{"@id":"https:\/\/catedraldelvi.com\/#\/schema\/logo\/image\/"},"sameAs":["https:\/\/www.facebook.com\/catedraldelvi\/","https:\/\/x.com\/pagosdehibera","https:\/\/www.youtube.com\/channel\/UCCKuius4oW8nubXqIQUQ3aw"]}]}},"_links":{"self":[{"href":"https:\/\/catedraldelvi.com\/fr\/wp-json\/wp\/v2\/pages\/25634","targetHints":{"allow":["GET"]}}],"collection":[{"href":"https:\/\/catedraldelvi.com\/fr\/wp-json\/wp\/v2\/pages"}],"about":[{"href":"https:\/\/catedraldelvi.com\/fr\/wp-json\/wp\/v2\/types\/page"}],"author":[{"embeddable":true,"href":"https:\/\/catedraldelvi.com\/fr\/wp-json\/wp\/v2\/users\/1"}],"replies":[{"embeddable":true,"href":"https:\/\/catedraldelvi.com\/fr\/wp-json\/wp\/v2\/comments?post=25634"}],"version-history":[{"count":0,"href":"https:\/\/catedraldelvi.com\/fr\/wp-json\/wp\/v2\/pages\/25634\/revisions"}],"wp:attachment":[{"href":"https:\/\/catedraldelvi.com\/fr\/wp-json\/wp\/v2\/media?parent=25634"}],"curies":[{"name":"wp","href":"https:\/\/api.w.org\/{rel}","templated":true}]}}