{"id":2764,"date":"2016-05-10T03:48:21","date_gmt":"2016-05-10T01:48:21","guid":{"rendered":"http:\/\/catedraldelvi.com\/reconeixements\/?lang=es"},"modified":"2025-11-10T18:04:10","modified_gmt":"2025-11-10T17:04:10","slug":"reconocimientos","status":"publish","type":"page","link":"https:\/\/catedraldelvi.com\/es\/reconocimientos\/","title":{"rendered":"Reconocimientos"},"content":{"rendered":"<p>[vc_row css=\u00bb.vc_custom_1504090061096{margin-top: 4% !important;margin-bottom: 4% !important;}\u00bb][vc_column width=\u00bb1\/2&#8243;][cl_heading title=\u00bbGrenaches du Monde\u00bb style=\u00bbsingle-line\u00bb][vc_column_text][cl_teaser color=\u00bb#444444&#8243;]Concurso Internacional <a href=\"http:\/\/www.grenachesdumonde.com\/es\/los-premios?year=2015&amp;country=&amp;region=&amp;wine_name=&amp;wine_label=DO+TERRA+ALTA&amp;wine_type=&amp;price=&amp;grower=\" target=\"_blank\" rel=\"noopener noreferrer\">Grenaches du Monde<\/a>\u00a0es\u00a0el certamen de referencia que permite evaluar los diferentes tipos de garnachas en el \u00e1mbito internacional.[\/cl_teaser]<\/p>\n<p>[cl_teaser color=\u00bb#444444&#8243;]\u2713 <em>Gold Metal 2014<\/em> por Indi\u00e0 Blanco 2014.<br \/>\n\u2713 <em>Gold Medal<\/em> 2016 por Gamberrillo Mistela Blanco 2014.<br \/>\n\u2713 <em>Gold Medal<\/em> 2017 por Gamberrillo Mistela Blanco 2014.<br \/>\n\u2713 <em>Gold Medal<\/em> 2017 por Gamberro Blanco 2012.<br \/>\n\u2713 <em>Bronze Medal 2018 por <\/em>Indi\u00e0 Blanco 2016.<br \/>\n\u2713 <em>Silver medal 2019<\/em> por Gamberro Blanco 2015.[\/cl_teaser][\/vc_column_text][\/vc_column][vc_column width=\u00bb1\/2&#8243;][cl_heading title=\u00bbPremios Vinari\u00bb style=\u00bbsingle-line\u00bb][vc_column_text][cl_teaser color=\u00bb#444444&#8243;]<a href=\"http:\/\/www.naciodigital.cat\/vadevi\/vinari\" target=\"_blank\" rel=\"noopener noreferrer\">Premios Vinari<\/a>\u00a0tienen como objetivo dar a conocer y potenciar los vinos que se elaboran en Catalu\u00f1a y orientar al consumidor sobre el producto local de calidad.[\/cl_teaser]<\/p>\n<p>[cl_teaser color=\u00bb#444444&#8243;]\u2713 <em>Vinari de Plata 2015 para\u00a0<\/em>Gamberrillo Mistela Negra 2013.<br \/>\n\u2713 <em>Vinari de Plata 2017 para\u00a0<\/em>Gamberrillo Mistela Blanca 2014.<br \/>\n\u2713 <em>Vinari de Plata 2018 para <\/em>Gamberrillo Mistela Blanca 2015.<br \/>\n<span class=\"x_1968271413colour\">\u2713 <em>Vinari de Plata 2020<\/em> <em>para<\/em> L\u2019Indi\u00e0 Blanc 2018.<\/span><\/p>\n<p>[\/cl_teaser][\/vc_column_text][\/vc_column][\/vc_row][vc_row][vc_column][vc_single_image image=\u00bb7345&#8243; img_size=\u00bbfull\u00bb alignment=\u00bbcenter\u00bb][\/vc_column][\/vc_row][vc_row full_width=\u00bbstretch_row_content_no_spaces\u00bb equal_height_columns=\u00bbno\u00bb ts_row_screen_height=\u00bbfalse\u00bb ts_row_screen_offset=\u00bb0&#8243; ts_row_min_height=\u00bb100&#8243; ts_row_break_parents=\u00bb0&#8243; ts_row_zindex=\u00bb0&#8243; ts_row_bg_source=\u00bbfull\u00bb ts_row_bg_position=\u00bbcenter\u00bb ts_row_bg_size_standard=\u00bbcover\u00bb ts_row_bg_size_parallax=\u00bbcover\u00bb ts_row_bg_repeat=\u00bbno-repeat\u00bb ts_row_parallax_type=\u00bbup\u00bb ts_row_bg_alignment_v=\u00bbcenter\u00bb ts_row_bg_alignment_h=\u00bbcenter\u00bb ts_row_parallax_speed=\u00bb20&#8243; ts_row_automove_speed=\u00bb75&#8243; ts_row_automove_scroll=\u00bbtrue\u00bb ts_row_automove_align=\u00bbhorizontal\u00bb ts_row_automove_path_h=\u00bbleftright\u00bb ts_row_automove_path_v=\u00bbtopbottom\u00bb ts_row_movement_x_allow=\u00bbtrue\u00bb ts_row_movement_x_ratio=\u00bb10&#8243; ts_row_movement_y_allow=\u00bbtrue\u00bb ts_row_movement_y_ratio=\u00bb10&#8243; ts_row_movement_content=\u00bbtrue\u00bb padding_top=\u00bb30&#8243; padding_bottom=\u00bb30&#8243; margin_left=\u00bb0&#8243; margin_right=\u00bb0&#8243; single_color=\u00bb#ffffff\u00bb gradient_angle=\u00bb0&#8243; gradient_color_start=\u00bb#cccccc\u00bb gradient_start_offset=\u00bb0&#8243; gradient_color_end=\u00bb#cccccc\u00bb gradient_end_offset=\u00bb100&#8243; video_mute=\u00bbtrue\u00bb video_loop=\u00bbfalse\u00bb video_remove=\u00bbfalse\u00bb video_start=\u00bbfalse\u00bb video_stop=\u00bbtrue\u00bb video_controls=\u00bbtrue\u00bb video_raster=\u00bbfalse\u00bb svg_top_on=\u00bbfalse\u00bb svg_top_style=\u00bb1&#8243; svg_top_height=\u00bb100&#8243; svg_top_flip=\u00bbfalse\u00bb svg_top_position=\u00bb0&#8243; svg_top_color1=\u00bb#ffffff\u00bb svg_top_color2=\u00bb#ededed\u00bb svg_bottom_on=\u00bbfalse\u00bb svg_bottom_style=\u00bb1&#8243; svg_bottom_height=\u00bb100&#8243; svg_bottom_flip=\u00bbfalse\u00bb svg_bottom_position=\u00bb0&#8243; svg_bottom_color1=\u00bb#ffffff\u00bb svg_bottom_color2=\u00bb#ededed\u00bb ts_row_raster_use=\u00bbfalse\u00bb ts_row_raster_type=\u00bbtransparent\u00bb ts_row_overlay_use=\u00bbfalse\u00bb ts_row_overlay_color=\u00bbrgba(30,115,190,0.25)\u00bb animation_scroll=\u00bbfalse\u00bb animation_speed=\u00bb2000&#8243; show_large=\u00bbtrue\u00bb show_medium=\u00bbtrue\u00bb show_small=\u00bbtrue\u00bb show_extra=\u00bbtrue\u00bb show_remove=\u00bbtrue\u00bb el_class=\u00bbrow-eq-height\u00bb][vc_column css=\u00bb.vc_custom_1659110759737{background-image: url(https:\/\/catedraldelvi.com\/wp-content\/uploads\/2022\/07\/celler-modernista-vinos-torreo-india-gamberro-catedral-del-vi-pinel-de-brai-enoturisme.jpg?id=15005) !important;background-position: center !important;background-repeat: no-repeat !important;background-size: cover !important;}\u00bb animation_scroll=\u00bbfalse\u00bb animation_speed=\u00bb2000&#8243; offset=\u00bbvc_col-lg-8 vc_col-xs-12&#8243;][vc_empty_space height=\u00bb600px\u00bb][\/vc_column][vc_column style=\u00bbcolumn-style-2&#8243; css=\u00bb.vc_custom_1504130198936{padding-right: 6% !important;padding-left: 8% !important;background-position: 0 0 !important;background-repeat: no-repeat !important;}\u00bb el_class=\u00bbvertical-align\u00bb offset=\u00bbvc_col-lg-4 vc_col-xs-12&#8243;][vc_column_text css_animation=\u00bbtop-to-bottom\u00bb css=\u00bb.vc_custom_1633694434373{padding-bottom: 35px !important;}\u00bb]<\/p>\n<h2 class=\"style1\">Modernista Celler<\/h2>\n<p class=\"teaser\">Modernista Celler es un proyecto familiar nacido en 2010 surgido fruto de la pasi\u00f3n por la restauraci\u00f3n y el mundo del vino de los hermanos Joaquim y Fran L\u00f3pez Gilabert y que tiene la Catedral del Vi como centro neur\u00e1lgico de su actividad.<\/p>\n<p>[\/vc_column_text][\/vc_column][\/vc_row]<\/p>\n","protected":false},"excerpt":{"rendered":"<p>[vc_row css=\u00bb.vc_custom_1504090061096{margin-top: 4% !important;margin-bottom: 4% !important;}\u00bb][vc_column width=\u00bb1\/2&#8243;][cl_heading title=\u00bbGrenaches du Monde\u00bb style=\u00bbsingle-line\u00bb][vc_column_text][cl_teaser color=\u00bb#444444&#8243;]Concurso Internacional Grenaches du Monde\u00a0es\u00a0el certamen de referencia que permite evaluar los diferentes tipos de garnachas en el \u00e1mbito internacional.[\/cl_teaser] [cl_teaser color=\u00bb#444444&#8243;]\u2713 Gold Metal 2014 por Indi\u00e0 Blanco 2014. \u2713 Gold Medal 2016 por Gamberrillo Mistela Blanco 2014. \u2713 Gold Medal 2017 por Gamberrillo [&hellip;]<\/p>\n","protected":false},"author":1,"featured_media":2694,"parent":0,"menu_order":0,"comment_status":"closed","ping_status":"closed","template":"","meta":{"footnotes":""},"class_list":["post-2764","page","type-page","status-publish","has-post-thumbnail","hentry"],"yoast_head":"<!-- This site is optimized with the Yoast SEO plugin v26.9 - https:\/\/yoast.com\/product\/yoast-seo-wordpress\/ -->\n<title>Reconocimiento - Pagos de H\u00edbera - Grenaches du Monde Vinari de Plata<\/title>\n<meta name=\"description\" content=\"Pagos de H\u00edbera tiene reconocimientos diversos com el Gold Medal de Grenaches du Monde, el Vinari de Plata o el premio gran vino tinto de la DO Terra Alta.\" \/>\n<meta name=\"robots\" content=\"index, follow, max-snippet:-1, max-image-preview:large, max-video-preview:-1\" \/>\n<link rel=\"canonical\" href=\"https:\/\/catedraldelvi.com\/es\/modernista-celler__trashed\/reconocimientos\/\" \/>\n<meta property=\"og:locale\" content=\"es_ES\" \/>\n<meta property=\"og:type\" content=\"article\" \/>\n<meta property=\"og:title\" content=\"Reconocimiento - Pagos de H\u00edbera - Grenaches du Monde Vinari de Plata\" \/>\n<meta property=\"og:description\" content=\"Pagos de H\u00edbera tiene reconocimientos diversos com el Gold Medal de Grenaches du Monde, el Vinari de Plata o el premio gran vino tinto de la DO Terra Alta.\" \/>\n<meta property=\"og:url\" content=\"https:\/\/catedraldelvi.com\/es\/modernista-celler__trashed\/reconocimientos\/\" \/>\n<meta property=\"og:site_name\" content=\"Catedral del Vi - Modernista Celler\" \/>\n<meta property=\"article:publisher\" content=\"https:\/\/www.facebook.com\/catedraldelvi\/\" \/>\n<meta property=\"article:modified_time\" content=\"2025-11-10T17:04:10+00:00\" \/>\n<meta property=\"og:image\" content=\"https:\/\/catedraldelvi.com\/wp-content\/uploads\/2016\/05\/catedral-del-vi-pagos-de-hibera-reconocimientos-reconeixements.jpg\" \/>\n\t<meta property=\"og:image:width\" content=\"2000\" \/>\n\t<meta property=\"og:image:height\" content=\"1066\" \/>\n\t<meta property=\"og:image:type\" content=\"image\/jpeg\" \/>\n<meta name=\"twitter:card\" content=\"summary_large_image\" \/>\n<meta name=\"twitter:site\" content=\"@pagosdehibera\" \/>\n<meta name=\"twitter:label1\" content=\"Tiempo de lectura\" \/>\n\t<meta name=\"twitter:data1\" content=\"2 minutos\" \/>\n<script type=\"application\/ld+json\" class=\"yoast-schema-graph\">{\"@context\":\"https:\/\/schema.org\",\"@graph\":[{\"@type\":\"WebPage\",\"@id\":\"https:\/\/catedraldelvi.com\/es\/modernista-celler__trashed\/reconocimientos\/\",\"url\":\"https:\/\/catedraldelvi.com\/es\/modernista-celler__trashed\/reconocimientos\/\",\"name\":\"Reconocimiento - Pagos de H\u00edbera - Grenaches du Monde Vinari de Plata\",\"isPartOf\":{\"@id\":\"https:\/\/catedraldelvi.com\/#website\"},\"primaryImageOfPage\":{\"@id\":\"https:\/\/catedraldelvi.com\/es\/modernista-celler__trashed\/reconocimientos\/#primaryimage\"},\"image\":{\"@id\":\"https:\/\/catedraldelvi.com\/es\/modernista-celler__trashed\/reconocimientos\/#primaryimage\"},\"thumbnailUrl\":\"https:\/\/catedraldelvi.com\/wp-content\/uploads\/2016\/05\/catedral-del-vi-pagos-de-hibera-reconocimientos-reconeixements.jpg\",\"datePublished\":\"2016-05-10T01:48:21+00:00\",\"dateModified\":\"2025-11-10T17:04:10+00:00\",\"description\":\"Pagos de H\u00edbera tiene reconocimientos diversos com el Gold Medal de Grenaches du Monde, el Vinari de Plata o el premio gran vino tinto de la DO Terra Alta.\",\"breadcrumb\":{\"@id\":\"https:\/\/catedraldelvi.com\/es\/modernista-celler__trashed\/reconocimientos\/#breadcrumb\"},\"inLanguage\":\"es\",\"potentialAction\":[{\"@type\":\"ReadAction\",\"target\":[\"https:\/\/catedraldelvi.com\/es\/modernista-celler__trashed\/reconocimientos\/\"]}]},{\"@type\":\"ImageObject\",\"inLanguage\":\"es\",\"@id\":\"https:\/\/catedraldelvi.com\/es\/modernista-celler__trashed\/reconocimientos\/#primaryimage\",\"url\":\"https:\/\/catedraldelvi.com\/wp-content\/uploads\/2016\/05\/catedral-del-vi-pagos-de-hibera-reconocimientos-reconeixements.jpg\",\"contentUrl\":\"https:\/\/catedraldelvi.com\/wp-content\/uploads\/2016\/05\/catedral-del-vi-pagos-de-hibera-reconocimientos-reconeixements.jpg\",\"width\":2000,\"height\":1066},{\"@type\":\"BreadcrumbList\",\"@id\":\"https:\/\/catedraldelvi.com\/es\/modernista-celler__trashed\/reconocimientos\/#breadcrumb\",\"itemListElement\":[{\"@type\":\"ListItem\",\"position\":1,\"name\":\"Inici\",\"item\":\"https:\/\/catedraldelvi.com\/es\/\"},{\"@type\":\"ListItem\",\"position\":2,\"name\":\"Reconocimientos\"}]},{\"@type\":\"WebSite\",\"@id\":\"https:\/\/catedraldelvi.com\/#website\",\"url\":\"https:\/\/catedraldelvi.com\/\",\"name\":\"Catedral del Vi - Modernista Celler\",\"description\":\"Catedral del Vi - Modernista Celler is the modernist winery of Villa Retiro Grup\",\"publisher\":{\"@id\":\"https:\/\/catedraldelvi.com\/#organization\"},\"potentialAction\":[{\"@type\":\"SearchAction\",\"target\":{\"@type\":\"EntryPoint\",\"urlTemplate\":\"https:\/\/catedraldelvi.com\/?s={search_term_string}\"},\"query-input\":{\"@type\":\"PropertyValueSpecification\",\"valueRequired\":true,\"valueName\":\"search_term_string\"}}],\"inLanguage\":\"es\"},{\"@type\":\"Organization\",\"@id\":\"https:\/\/catedraldelvi.com\/#organization\",\"name\":\"Catedral del Vi - Modernista Celler\",\"url\":\"https:\/\/catedraldelvi.com\/\",\"logo\":{\"@type\":\"ImageObject\",\"inLanguage\":\"es\",\"@id\":\"https:\/\/catedraldelvi.com\/#\/schema\/logo\/image\/\",\"url\":\"https:\/\/catedraldelvi.com\/wp-content\/uploads\/2021\/10\/pagos-de-hibera-catedral-del-vi-logo-2.svg\",\"contentUrl\":\"https:\/\/catedraldelvi.com\/wp-content\/uploads\/2021\/10\/pagos-de-hibera-catedral-del-vi-logo-2.svg\",\"width\":440,\"height\":208,\"caption\":\"Catedral del Vi - Modernista Celler\"},\"image\":{\"@id\":\"https:\/\/catedraldelvi.com\/#\/schema\/logo\/image\/\"},\"sameAs\":[\"https:\/\/www.facebook.com\/catedraldelvi\/\",\"https:\/\/x.com\/pagosdehibera\",\"https:\/\/www.youtube.com\/channel\/UCCKuius4oW8nubXqIQUQ3aw\"]}]}<\/script>\n<!-- \/ Yoast SEO plugin. -->","yoast_head_json":{"title":"Reconocimiento - Pagos de H\u00edbera - Grenaches du Monde Vinari de Plata","description":"Pagos de H\u00edbera tiene reconocimientos diversos com el Gold Medal de Grenaches du Monde, el Vinari de Plata o el premio gran vino tinto de la DO Terra Alta.","robots":{"index":"index","follow":"follow","max-snippet":"max-snippet:-1","max-image-preview":"max-image-preview:large","max-video-preview":"max-video-preview:-1"},"canonical":"https:\/\/catedraldelvi.com\/es\/modernista-celler__trashed\/reconocimientos\/","og_locale":"es_ES","og_type":"article","og_title":"Reconocimiento - Pagos de H\u00edbera - Grenaches du Monde Vinari de Plata","og_description":"Pagos de H\u00edbera tiene reconocimientos diversos com el Gold Medal de Grenaches du Monde, el Vinari de Plata o el premio gran vino tinto de la DO Terra Alta.","og_url":"https:\/\/catedraldelvi.com\/es\/modernista-celler__trashed\/reconocimientos\/","og_site_name":"Catedral del Vi - Modernista Celler","article_publisher":"https:\/\/www.facebook.com\/catedraldelvi\/","article_modified_time":"2025-11-10T17:04:10+00:00","og_image":[{"width":2000,"height":1066,"url":"https:\/\/catedraldelvi.com\/wp-content\/uploads\/2016\/05\/catedral-del-vi-pagos-de-hibera-reconocimientos-reconeixements.jpg","type":"image\/jpeg"}],"twitter_card":"summary_large_image","twitter_site":"@pagosdehibera","twitter_misc":{"Tiempo de lectura":"2 minutos"},"schema":{"@context":"https:\/\/schema.org","@graph":[{"@type":"WebPage","@id":"https:\/\/catedraldelvi.com\/es\/modernista-celler__trashed\/reconocimientos\/","url":"https:\/\/catedraldelvi.com\/es\/modernista-celler__trashed\/reconocimientos\/","name":"Reconocimiento - Pagos de H\u00edbera - Grenaches du Monde Vinari de Plata","isPartOf":{"@id":"https:\/\/catedraldelvi.com\/#website"},"primaryImageOfPage":{"@id":"https:\/\/catedraldelvi.com\/es\/modernista-celler__trashed\/reconocimientos\/#primaryimage"},"image":{"@id":"https:\/\/catedraldelvi.com\/es\/modernista-celler__trashed\/reconocimientos\/#primaryimage"},"thumbnailUrl":"https:\/\/catedraldelvi.com\/wp-content\/uploads\/2016\/05\/catedral-del-vi-pagos-de-hibera-reconocimientos-reconeixements.jpg","datePublished":"2016-05-10T01:48:21+00:00","dateModified":"2025-11-10T17:04:10+00:00","description":"Pagos de H\u00edbera tiene reconocimientos diversos com el Gold Medal de Grenaches du Monde, el Vinari de Plata o el premio gran vino tinto de la DO Terra Alta.","breadcrumb":{"@id":"https:\/\/catedraldelvi.com\/es\/modernista-celler__trashed\/reconocimientos\/#breadcrumb"},"inLanguage":"es","potentialAction":[{"@type":"ReadAction","target":["https:\/\/catedraldelvi.com\/es\/modernista-celler__trashed\/reconocimientos\/"]}]},{"@type":"ImageObject","inLanguage":"es","@id":"https:\/\/catedraldelvi.com\/es\/modernista-celler__trashed\/reconocimientos\/#primaryimage","url":"https:\/\/catedraldelvi.com\/wp-content\/uploads\/2016\/05\/catedral-del-vi-pagos-de-hibera-reconocimientos-reconeixements.jpg","contentUrl":"https:\/\/catedraldelvi.com\/wp-content\/uploads\/2016\/05\/catedral-del-vi-pagos-de-hibera-reconocimientos-reconeixements.jpg","width":2000,"height":1066},{"@type":"BreadcrumbList","@id":"https:\/\/catedraldelvi.com\/es\/modernista-celler__trashed\/reconocimientos\/#breadcrumb","itemListElement":[{"@type":"ListItem","position":1,"name":"Inici","item":"https:\/\/catedraldelvi.com\/es\/"},{"@type":"ListItem","position":2,"name":"Reconocimientos"}]},{"@type":"WebSite","@id":"https:\/\/catedraldelvi.com\/#website","url":"https:\/\/catedraldelvi.com\/","name":"Catedral del Vi - Modernista Celler","description":"Catedral del Vi - Modernista Celler is the modernist winery of Villa Retiro Grup","publisher":{"@id":"https:\/\/catedraldelvi.com\/#organization"},"potentialAction":[{"@type":"SearchAction","target":{"@type":"EntryPoint","urlTemplate":"https:\/\/catedraldelvi.com\/?s={search_term_string}"},"query-input":{"@type":"PropertyValueSpecification","valueRequired":true,"valueName":"search_term_string"}}],"inLanguage":"es"},{"@type":"Organization","@id":"https:\/\/catedraldelvi.com\/#organization","name":"Catedral del Vi - Modernista Celler","url":"https:\/\/catedraldelvi.com\/","logo":{"@type":"ImageObject","inLanguage":"es","@id":"https:\/\/catedraldelvi.com\/#\/schema\/logo\/image\/","url":"https:\/\/catedraldelvi.com\/wp-content\/uploads\/2021\/10\/pagos-de-hibera-catedral-del-vi-logo-2.svg","contentUrl":"https:\/\/catedraldelvi.com\/wp-content\/uploads\/2021\/10\/pagos-de-hibera-catedral-del-vi-logo-2.svg","width":440,"height":208,"caption":"Catedral del Vi - Modernista Celler"},"image":{"@id":"https:\/\/catedraldelvi.com\/#\/schema\/logo\/image\/"},"sameAs":["https:\/\/www.facebook.com\/catedraldelvi\/","https:\/\/x.com\/pagosdehibera","https:\/\/www.youtube.com\/channel\/UCCKuius4oW8nubXqIQUQ3aw"]}]}},"_links":{"self":[{"href":"https:\/\/catedraldelvi.com\/es\/wp-json\/wp\/v2\/pages\/2764","targetHints":{"allow":["GET"]}}],"collection":[{"href":"https:\/\/catedraldelvi.com\/es\/wp-json\/wp\/v2\/pages"}],"about":[{"href":"https:\/\/catedraldelvi.com\/es\/wp-json\/wp\/v2\/types\/page"}],"author":[{"embeddable":true,"href":"https:\/\/catedraldelvi.com\/es\/wp-json\/wp\/v2\/users\/1"}],"replies":[{"embeddable":true,"href":"https:\/\/catedraldelvi.com\/es\/wp-json\/wp\/v2\/comments?post=2764"}],"version-history":[{"count":1,"href":"https:\/\/catedraldelvi.com\/es\/wp-json\/wp\/v2\/pages\/2764\/revisions"}],"predecessor-version":[{"id":25697,"href":"https:\/\/catedraldelvi.com\/es\/wp-json\/wp\/v2\/pages\/2764\/revisions\/25697"}],"wp:featuredmedia":[{"embeddable":true,"href":"https:\/\/catedraldelvi.com\/es\/wp-json\/wp\/v2\/media\/2694"}],"wp:attachment":[{"href":"https:\/\/catedraldelvi.com\/es\/wp-json\/wp\/v2\/media?parent=2764"}],"curies":[{"name":"wp","href":"https:\/\/api.w.org\/{rel}","templated":true}]}}